{"id":1644,"date":"2024-01-31T00:45:06","date_gmt":"2024-01-30T23:45:06","guid":{"rendered":"https:\/\/primdentalreus.es\/?page_id=1644"},"modified":"2024-02-04T08:23:38","modified_gmt":"2024-02-04T07:23:38","slug":"avis-legal","status":"publish","type":"page","link":"https:\/\/primdental.es\/ca\/avis-legal\/","title":{"rendered":"Av\u00eds legal"},"content":{"rendered":"<p>El present AV\u00cdS LEGAL regula els drets i obligacions del primdentalreus.es i dels usuaris, en relaci\u00f3 a l&#039;acc\u00e9s, navegaci\u00f3 i utilitzaci\u00f3 del present web sense perjudici que Primdental es reservi el dret a modificar-ne, sense previ av\u00eds, el contingut, sent vigents les que es trobin publicades en el moment de navegaci\u00f3.<br \/>\nMitjan\u00e7ant la navegaci\u00f3, visualitzaci\u00f3 i \u00fas d&#039;aquesta web adquireixes la condici\u00f3 d&#039;usuari, i per tant implica per part teva l&#039;acceptaci\u00f3 expressa de totes les cl\u00e0usules que indiquem en aquest Av\u00eds Legal, aix\u00ed com la resta d&#039;advertiments o cl\u00e0usules espec\u00edfiques que s&#039;estableixin a les diferents seccions per a la contractaci\u00f3, \u00fas de serveis, productes, inscripcions, o seccions de la P\u00e0gina.<br \/>\nPer aix\u00f2, en cas de no acceptar les cl\u00e0usules establertes en aquest Av\u00eds Legal, haur\u00e0s d&#039;abstenir-te d&#039;accedir i\/o utilitzar els serveis i\/o continguts posats a la teva disposici\u00f3 a la P\u00e0gina, procedint a abandonar-la.<br \/>\nprimdentalreus.es podr\u00e0 donar per acabat, suspendre o interrompre, en qualsevol moment sense necessitat de previ av\u00eds, l&#039;acc\u00e9s als continguts de la p\u00e0gina, sense possibilitat per part de l&#039;Usuari d&#039;exigir cap indemnitzaci\u00f3. Aix\u00f2 no obstant, en el cas de tancament de la plataforma, es tractar\u00e0 de tornar tot pagament que s&#039;hagi realitzat per subscripcions anuals no completades.<br \/>\nInformaci\u00f3 personal i fiscal del responsable de la Web<\/p>\n<p><strong>Empresa:<\/strong> Primdental Serveis Odontologics SL<br \/>\n<strong>NIF:<\/strong> B55728612<br \/>\n<strong>Nom comercial:<\/strong> Primdental<br \/>\n<strong>Tel\u00e8fon:<\/strong> <a href=\"tel:691544650\">691544650<\/a><br \/>\n<strong>Correu electr\u00f2nic:<\/strong> <a href=\"mailto:primdentalreus@gmail.com\">primdentalreus@gmail.com<\/a><br \/>\n<strong>Nom p\u00e0gina web:<\/strong> Primdental<br \/>\n<strong><br \/>\nForma d&#039;ingressos:<\/strong><br \/>\nEl web de **primdentalreus.es\/ **\u00e9s una p\u00e0gina corporativa que no genera ingressos de forma online.<br \/>\n<strong><br \/>\nServeis:<\/strong><br \/>\n\u2013 Implantologia<br \/>\n\u2013 Ortod\u00f2ncia<br \/>\n\u2013 Tractaments<br \/>\n\u2013 Endod\u00f2ncia<br \/>\n\u2013 Est\u00e8tica Dental<br \/>\n\u2013 Pr\u00f2tesi Dental<br \/>\n\u2013 Periodon\u00f2cia<br \/>\n\u2013 Implants Dentals<br \/>\n\u2013 Odontologia general<\/p>\n<p><strong><br \/>\nCondicions d&#039;\u00fas<\/strong><br \/>\nSi navegueu per aquesta web accepta t\u00e0citament els termes d&#039;\u00fas i els termes de privadesa, aix\u00ed com declara haver llegit l&#039;av\u00eds legal.<br \/>\nNi aquesta web ni els seus representants legals es fan responsables ni del contingut ni de la veracitat de les pol\u00edtiques de privadesa que puguin tenir serveis tercers aliens a aquesta web.<br \/>\nQueda expressament prohibida la c\u00f2pia o la transcripci\u00f3 completa o parcial de qualsevol text d&#039;aquesta web per a qualsevol \u00fas. Els textos d&#039;aquesta web estan fets nom\u00e9s per ser llegits, abstingueu-vos d&#039;usar-los per a qualsevol altre fi.<br \/>\nQueda expressament prohibida la c\u00f2pia o la desc\u00e0rrega de les imatges d&#039;aquesta web.<br \/>\nNo es permet el hotlinking de les imatges d&#039;aquesta web.<br \/>\nS\u00ed que est\u00e0 perm\u00e8s copiar i utilitzar les estructures HTML i estils CSS utilitzats en aquesta web, sempre que sigui de forma parcial i mai la totalitat del format generant una web id\u00e8ntica a aquesta mateixa.<br \/>\nEn cas d&#039;incompliment d&#039;aquestes condicions, ens podem veure obligats a prendre les mesures legals oportunes.<\/p>","protected":false},"excerpt":{"rendered":"<p>El presente AVISO LEGAL regula los derechos y obligaciones del primdentalreus.es y de los usuarios, en relaci\u00f3n al acceso, navegaci\u00f3n y utilizaci\u00f3n de la [&hellip;]<\/p>\n","protected":false},"author":1,"featured_media":0,"parent":0,"menu_order":0,"comment_status":"closed","ping_status":"closed","template":"","meta":{"site-sidebar-layout":"default","site-content-layout":"","ast-site-content-layout":"default","site-content-style":"default","site-sidebar-style":"default","ast-global-header-display":"","ast-banner-title-visibility":"","ast-main-header-display":"","ast-hfb-above-header-display":"","ast-hfb-below-header-display":"","ast-hfb-mobile-header-display":"","site-post-title":"","ast-breadcrumbs-content":"","ast-featured-img":"","footer-sml-layout":"","ast-disable-related-posts":"","theme-transparent-header-meta":"default","adv-header-id-meta":"","stick-header-meta":"default","header-above-stick-meta":"","header-main-stick-meta":"","header-below-stick-meta":"","astra-migrate-meta-layouts":"set","ast-page-background-enabled":"default","ast-page-background-meta":{"desktop":{"background-color":"","background-image":"","background-repeat":"repeat","background-position":"center center","background-size":"auto","background-attachment":"scroll","background-type":"","background-media":"","overlay-type":"","overlay-color":"","overlay-opacity":"","overlay-gradient":""},"tablet":{"background-color":"","background-image":"","background-repeat":"repeat","background-position":"center center","background-size":"auto","background-attachment":"scroll","background-type":"","background-media":"","overlay-type":"","overlay-color":"","overlay-opacity":"","overlay-gradient":""},"mobile":{"background-color":"","background-image":"","background-repeat":"repeat","background-position":"center center","background-size":"auto","background-attachment":"scroll","background-type":"","background-media":"","overlay-type":"","overlay-color":"","overlay-opacity":"","overlay-gradient":""}},"ast-content-background-meta":{"desktop":{"background-color":"var(--ast-global-color-5)","background-image":"","background-repeat":"repeat","background-position":"center center","background-size":"auto","background-attachment":"scroll","background-type":"","background-media":"","overlay-type":"","overlay-color":"","overlay-opacity":"","overlay-gradient":""},"tablet":{"background-color":"var(--ast-global-color-5)","background-image":"","background-repeat":"repeat","background-position":"center center","background-size":"auto","background-attachment":"scroll","background-type":"","background-media":"","overlay-type":"","overlay-color":"","overlay-opacity":"","overlay-gradient":""},"mobile":{"background-color":"var(--ast-global-color-5)","background-image":"","background-repeat":"repeat","background-position":"center center","background-size":"auto","background-attachment":"scroll","background-type":"","background-media":"","overlay-type":"","overlay-color":"","overlay-opacity":"","overlay-gradient":""}},"footnotes":""},"class_list":["post-1644","page","type-page","status-publish","hentry"],"_links":{"self":[{"href":"https:\/\/primdental.es\/ca\/wp-json\/wp\/v2\/pages\/1644","targetHints":{"allow":["GET"]}}],"collection":[{"href":"https:\/\/primdental.es\/ca\/wp-json\/wp\/v2\/pages"}],"about":[{"href":"https:\/\/primdental.es\/ca\/wp-json\/wp\/v2\/types\/page"}],"author":[{"embeddable":true,"href":"https:\/\/primdental.es\/ca\/wp-json\/wp\/v2\/users\/1"}],"replies":[{"embeddable":true,"href":"https:\/\/primdental.es\/ca\/wp-json\/wp\/v2\/comments?post=1644"}],"version-history":[{"count":6,"href":"https:\/\/primdental.es\/ca\/wp-json\/wp\/v2\/pages\/1644\/revisions"}],"predecessor-version":[{"id":2297,"href":"https:\/\/primdental.es\/ca\/wp-json\/wp\/v2\/pages\/1644\/revisions\/2297"}],"wp:attachment":[{"href":"https:\/\/primdental.es\/ca\/wp-json\/wp\/v2\/media?parent=1644"}],"curies":[{"name":"wp","href":"https:\/\/api.w.org\/{rel}","templated":true}]}}