{"id":1930,"date":"2024-02-02T07:18:09","date_gmt":"2024-02-02T06:18:09","guid":{"rendered":"https:\/\/primdentalreus.es\/?page_id=1930"},"modified":"2024-05-23T21:47:53","modified_gmt":"2024-05-23T19:47:53","slug":"protesis-dentals","status":"publish","type":"page","link":"https:\/\/primdental.es\/ca\/tractaments\/protesis-dentals\/","title":{"rendered":"Pr\u00f2tesis Removibles Sobre Implants"},"content":{"rendered":"<div data-elementor-type=\"wp-page\" data-elementor-id=\"1930\" class=\"elementor elementor-1930\" data-elementor-post-type=\"page\">\n\t\t\t\t<div class=\"elementor-element elementor-element-7ef8519e e-con-full e-flex e-con e-parent\" data-id=\"7ef8519e\" data-element_type=\"container\" data-e-type=\"container\">\n\t\t\t\t<div class=\"elementor-element elementor-element-517c547a elementor--h-position-center elementor--v-position-middle elementor-arrows-position-inside elementor-pagination-position-inside elementor-widget elementor-widget-slides\" data-id=\"517c547a\" data-element_type=\"widget\" data-e-type=\"widget\" data-settings=\"{&quot;navigation&quot;:&quot;both&quot;,&quot;autoplay&quot;:&quot;yes&quot;,&quot;pause_on_hover&quot;:&quot;yes&quot;,&quot;pause_on_interaction&quot;:&quot;yes&quot;,&quot;autoplay_speed&quot;:5000,&quot;infinite&quot;:&quot;yes&quot;,&quot;transition&quot;:&quot;slide&quot;,&quot;transition_speed&quot;:500}\" data-widget_type=\"slides.default\">\n\t\t\t\t<div class=\"elementor-widget-container\">\n\t\t\t\t\t\t\t\t\t<div class=\"elementor-swiper\">\n\t\t\t\t\t<div class=\"elementor-slides-wrapper elementor-main-swiper swiper\" role=\"region\" aria-roledescription=\"carousel\" aria-label=\"Diapositivas\" dir=\"ltr\" data-animation=\"fadeInUp\">\n\t\t\t\t<div class=\"swiper-wrapper elementor-slides\">\n\t\t\t\t\t\t\t\t\t\t<div class=\"elementor-repeater-item-707865e swiper-slide\" role=\"group\" aria-roledescription=\"slide\"><div class=\"swiper-slide-bg elementor-ken-burns elementor-ken-burns--in\" role=\"img\" aria-label=\"Protesis\"><\/div><div class=\"elementor-background-overlay\"><\/div><div class=\"swiper-slide-inner\" ><div class=\"swiper-slide-contents\"><div class=\"elementor-slide-heading\">Pr\u00f2tesis Removibles<br>Sobre Implants<\/div><div class=\"elementor-slide-description\">Amb un tractament de pr\u00f2tesis dental \u00e9s possible reempla\u00e7ar un o m\u00e9s dents absents. <br>Ja sigui per un m\u00e8tode permanent o amb pr\u00f2tesis dentals completes, ja siguin fixes, h\u00edbrides o removibles.<\/div><\/div><\/div><\/div>\t\t\t\t<\/div>\n\t\t\t\t\t\t\t<\/div>\n\t\t\t\t<\/div>\n\t\t\t\t\t\t\t\t<\/div>\n\t\t\t\t<\/div>\n\t\t\t\t<\/div>\n\t\t<div class=\"elementor-element elementor-element-7c29a367 e-flex e-con-boxed e-con e-parent\" data-id=\"7c29a367\" data-element_type=\"container\" data-e-type=\"container\" data-settings=\"{&quot;background_background&quot;:&quot;gradient&quot;}\">\n\t\t\t\t\t<div class=\"e-con-inner\">\n\t\t<div class=\"elementor-element elementor-element-54c834eb e-con-full e-flex e-con e-child\" data-id=\"54c834eb\" data-element_type=\"container\" data-e-type=\"container\">\n\t\t\t\t<div class=\"elementor-element elementor-element-2461bad3 elementor-widget elementor-widget-heading\" data-id=\"2461bad3\" data-element_type=\"widget\" data-e-type=\"widget\" data-widget_type=\"heading.default\">\n\t\t\t\t<div class=\"elementor-widget-container\">\n\t\t\t\t\t<h1 class=\"elementor-heading-title elementor-size-default\">Pr\u00f2tesis removibles sobre implants: Sobredentatures<\/h1>\t\t\t\t<\/div>\n\t\t\t\t<\/div>\n\t\t\t\t<div class=\"elementor-element elementor-element-5827a04 elementor-widget elementor-widget-text-editor\" data-id=\"5827a04\" data-element_type=\"widget\" data-e-type=\"widget\" data-widget_type=\"text-editor.default\">\n\t\t\t\t<div class=\"elementor-widget-container\">\n\t\t\t\t\t\t\t\t\t<p>\u00c9s el tractament m\u00e9s senzill que podem fer amb implants dentals per rehabilitar tota una arcada. Consisteix en la col\u00b7locaci\u00f3 de 2 o 4 implants i sobre aquests la realitzaci\u00f3 d'una pr\u00f2tesi de tota la boca que queda retinguda gr\u00e0cies a aquests. Els implants dentals eviten que la pr\u00f2tesi tingui mobilitat a la boca.<\/p><p>En ser removible permet mantenir una higiene adequada de la zona i de la pr\u00f2tesi dental evitant males olors i sabors. \u00c9s un procediment simple que no necessita empelts ossis en la immensa majoria de casos.<\/p>\t\t\t\t\t\t\t\t<\/div>\n\t\t\t\t<\/div>\n\t\t\t\t<div class=\"elementor-element elementor-element-7b156e0b elementor-widget__width-inherit elementor-widget-divider--view-line elementor-widget elementor-widget-divider\" data-id=\"7b156e0b\" data-element_type=\"widget\" data-e-type=\"widget\" data-widget_type=\"divider.default\">\n\t\t\t\t<div class=\"elementor-widget-container\">\n\t\t\t\t\t\t\t<div class=\"elementor-divider\">\n\t\t\t<span class=\"elementor-divider-separator\">\n\t\t\t\t\t\t<\/span>\n\t\t<\/div>\n\t\t\t\t\t\t<\/div>\n\t\t\t\t<\/div>\n\t\t\t\t<\/div>\n\t\t<div class=\"elementor-element elementor-element-d1fe5ce e-con-full e-flex e-con e-child\" data-id=\"d1fe5ce\" data-element_type=\"container\" data-e-type=\"container\">\n\t\t\t\t<div class=\"elementor-element elementor-element-6ef5880 elementor-widget elementor-widget-image\" data-id=\"6ef5880\" data-element_type=\"widget\" data-e-type=\"widget\" data-widget_type=\"image.default\">\n\t\t\t\t<div class=\"elementor-widget-container\">\n\t\t\t\t\t\t\t\t\t\t\t\t\t\t\t<img fetchpriority=\"high\" decoding=\"async\" width=\"1024\" height=\"683\" src=\"https:\/\/primdental.es\/wp-content\/uploads\/2024\/02\/Portesis-2-1024x683.jpg\" class=\"attachment-large size-large wp-image-2151\" alt=\"\" srcset=\"https:\/\/primdental.es\/wp-content\/uploads\/2024\/02\/Portesis-2-1024x683.jpg 1024w, https:\/\/primdental.es\/wp-content\/uploads\/2024\/02\/Portesis-2-300x200.jpg 300w, https:\/\/primdental.es\/wp-content\/uploads\/2024\/02\/Portesis-2-768x512.jpg 768w, https:\/\/primdental.es\/wp-content\/uploads\/2024\/02\/Portesis-2-18x12.jpg 18w, https:\/\/primdental.es\/wp-content\/uploads\/2024\/02\/Portesis-2.jpg 1279w\" sizes=\"(max-width: 1024px) 100vw, 1024px\" \/>\t\t\t\t\t\t\t\t\t\t\t\t\t\t\t<\/div>\n\t\t\t\t<\/div>\n\t\t\t\t<\/div>\n\t\t\t\t\t<\/div>\n\t\t\t\t<\/div>\n\t\t<div class=\"elementor-element elementor-element-572e1e21 e-flex e-con-boxed e-con e-parent\" data-id=\"572e1e21\" data-element_type=\"container\" data-e-type=\"container\" data-settings=\"{&quot;background_background&quot;:&quot;classic&quot;}\">\n\t\t\t\t\t<div class=\"e-con-inner\">\n\t\t<div class=\"elementor-element elementor-element-2293433b e-con-full e-flex e-con e-child\" data-id=\"2293433b\" data-element_type=\"container\" data-e-type=\"container\">\n\t\t\t\t<div class=\"elementor-element elementor-element-1ec7cf4c elementor-widget elementor-widget-heading\" data-id=\"1ec7cf4c\" data-element_type=\"widget\" data-e-type=\"widget\" data-widget_type=\"heading.default\">\n\t\t\t\t<div class=\"elementor-widget-container\">\n\t\t\t\t\t<h3 class=\"elementor-heading-title elementor-size-default\">Pr\u00f2tesis fixes sobre implants: Rehabilitaci\u00f3 fixa tipus h\u00edbrida<\/h3>\t\t\t\t<\/div>\n\t\t\t\t<\/div>\n\t\t\t\t<div class=\"elementor-element elementor-element-60e39db6 elementor-widget elementor-widget-text-editor\" data-id=\"60e39db6\" data-element_type=\"widget\" data-e-type=\"widget\" data-widget_type=\"text-editor.default\">\n\t\t\t\t<div class=\"elementor-widget-container\">\n\t\t\t\t\t\t\t\t\t<p>Consisteix en la col\u00b7locaci\u00f3 de 6 implants i, recolzat sobre aquests, la realitzaci\u00f3 d'una pr\u00f2tesi dental que reposa totes les dents d'una arcada de manera fixa. \u00c9s un tractament altament est\u00e8tic i funcional. \u00c9s molt important una correcta higiene de la zona una vegada posada la pr\u00f2tesi. En aquests casos recomanem l'\u00fas d'irrigadors bucals, aparells que tiren aigua a pressi\u00f3 i ajuden a la correcta higiene de la zona. Aquest tractament permet m\u00e9s flexibilitat a l'hora de localitzar els implants a la boca de manera que podem evitar zones amb menys disponibilitat \u00f2ssia.<\/p>\t\t\t\t\t\t\t\t<\/div>\n\t\t\t\t<\/div>\n\t\t\t\t<div class=\"elementor-element elementor-element-4f4c30fe elementor-widget__width-inherit elementor-widget-divider--view-line elementor-widget elementor-widget-divider\" data-id=\"4f4c30fe\" data-element_type=\"widget\" data-e-type=\"widget\" data-widget_type=\"divider.default\">\n\t\t\t\t<div class=\"elementor-widget-container\">\n\t\t\t\t\t\t\t<div class=\"elementor-divider\">\n\t\t\t<span class=\"elementor-divider-separator\">\n\t\t\t\t\t\t<\/span>\n\t\t<\/div>\n\t\t\t\t\t\t<\/div>\n\t\t\t\t<\/div>\n\t\t\t\t<\/div>\n\t\t<div class=\"elementor-element elementor-element-65c6bf53 e-con-full e-flex e-con e-child\" data-id=\"65c6bf53\" data-element_type=\"container\" data-e-type=\"container\">\n\t\t\t\t<div class=\"elementor-element elementor-element-ec30ffc elementor-widget elementor-widget-image\" data-id=\"ec30ffc\" data-element_type=\"widget\" data-e-type=\"widget\" data-widget_type=\"image.default\">\n\t\t\t\t<div class=\"elementor-widget-container\">\n\t\t\t\t\t\t\t\t\t\t\t\t\t\t\t<img decoding=\"async\" width=\"1024\" height=\"683\" src=\"https:\/\/primdental.es\/wp-content\/uploads\/2024\/02\/Protesis-1024x683.jpg\" class=\"attachment-large size-large wp-image-2150\" alt=\"\" srcset=\"https:\/\/primdental.es\/wp-content\/uploads\/2024\/02\/Protesis-1024x683.jpg 1024w, https:\/\/primdental.es\/wp-content\/uploads\/2024\/02\/Protesis-300x200.jpg 300w, https:\/\/primdental.es\/wp-content\/uploads\/2024\/02\/Protesis-768x512.jpg 768w, https:\/\/primdental.es\/wp-content\/uploads\/2024\/02\/Protesis-18x12.jpg 18w, https:\/\/primdental.es\/wp-content\/uploads\/2024\/02\/Protesis.jpg 1279w\" sizes=\"(max-width: 1024px) 100vw, 1024px\" \/>\t\t\t\t\t\t\t\t\t\t\t\t\t\t\t<\/div>\n\t\t\t\t<\/div>\n\t\t\t\t<\/div>\n\t\t\t\t\t<\/div>\n\t\t\t\t<\/div>\n\t\t\t\t<\/div>","protected":false},"excerpt":{"rendered":"<p>Pr\u00f3tesis Removibles Sobre ImplantesCon tratamiento de pr\u00f3tesis dental es posible reemplazar uno o m\u00e1s dientes ausentes, ya sea por un metodo permanente o con [&hellip;]<\/p>\n","protected":false},"author":1,"featured_media":0,"parent":1765,"menu_order":0,"comment_status":"closed","ping_status":"closed","template":"","meta":{"site-sidebar-layout":"no-sidebar","site-content-layout":"page-builder","ast-site-content-layout":"full-width-container","site-content-style":"default","site-sidebar-style":"default","ast-global-header-display":"","ast-banner-title-visibility":"","ast-main-header-display":"","ast-hfb-above-header-display":"","ast-hfb-below-header-display":"","ast-hfb-mobile-header-display":"","site-post-title":"disabled","ast-breadcrumbs-content":"","ast-featured-img":"disabled","footer-sml-layout":"","ast-disable-related-posts":"","theme-transparent-header-meta":"default","adv-header-id-meta":"","stick-header-meta":"default","header-above-stick-meta":"","header-main-stick-meta":"","header-below-stick-meta":"","astra-migrate-meta-layouts":"set","ast-page-background-enabled":"default","ast-page-background-meta":{"desktop":{"background-color":"","background-image":"","background-repeat":"repeat","background-position":"center center","background-size":"auto","background-attachment":"scroll","background-type":"","background-media":"","overlay-type":"","overlay-color":"","overlay-opacity":"","overlay-gradient":""},"tablet":{"background-color":"","background-image":"","background-repeat":"repeat","background-position":"center center","background-size":"auto","background-attachment":"scroll","background-type":"","background-media":"","overlay-type":"","overlay-color":"","overlay-opacity":"","overlay-gradient":""},"mobile":{"background-color":"","background-image":"","background-repeat":"repeat","background-position":"center center","background-size":"auto","background-attachment":"scroll","background-type":"","background-media":"","overlay-type":"","overlay-color":"","overlay-opacity":"","overlay-gradient":""}},"ast-content-background-meta":{"desktop":{"background-color":"var(--ast-global-color-5)","background-image":"","background-repeat":"repeat","background-position":"center center","background-size":"auto","background-attachment":"scroll","background-type":"","background-media":"","overlay-type":"","overlay-color":"","overlay-opacity":"","overlay-gradient":""},"tablet":{"background-color":"var(--ast-global-color-5)","background-image":"","background-repeat":"repeat","background-position":"center center","background-size":"auto","background-attachment":"scroll","background-type":"","background-media":"","overlay-type":"","overlay-color":"","overlay-opacity":"","overlay-gradient":""},"mobile":{"background-color":"var(--ast-global-color-5)","background-image":"","background-repeat":"repeat","background-position":"center center","background-size":"auto","background-attachment":"scroll","background-type":"","background-media":"","overlay-type":"","overlay-color":"","overlay-opacity":"","overlay-gradient":""}},"footnotes":""},"class_list":["post-1930","page","type-page","status-publish","hentry"],"_links":{"self":[{"href":"https:\/\/primdental.es\/ca\/wp-json\/wp\/v2\/pages\/1930","targetHints":{"allow":["GET"]}}],"collection":[{"href":"https:\/\/primdental.es\/ca\/wp-json\/wp\/v2\/pages"}],"about":[{"href":"https:\/\/primdental.es\/ca\/wp-json\/wp\/v2\/types\/page"}],"author":[{"embeddable":true,"href":"https:\/\/primdental.es\/ca\/wp-json\/wp\/v2\/users\/1"}],"replies":[{"embeddable":true,"href":"https:\/\/primdental.es\/ca\/wp-json\/wp\/v2\/comments?post=1930"}],"version-history":[{"count":33,"href":"https:\/\/primdental.es\/ca\/wp-json\/wp\/v2\/pages\/1930\/revisions"}],"predecessor-version":[{"id":2923,"href":"https:\/\/primdental.es\/ca\/wp-json\/wp\/v2\/pages\/1930\/revisions\/2923"}],"up":[{"embeddable":true,"href":"https:\/\/primdental.es\/ca\/wp-json\/wp\/v2\/pages\/1765"}],"wp:attachment":[{"href":"https:\/\/primdental.es\/ca\/wp-json\/wp\/v2\/media?parent=1930"}],"curies":[{"name":"wp","href":"https:\/\/api.w.org\/{rel}","templated":true}]}}