{"id":2672,"date":"2024-02-21T12:44:14","date_gmt":"2024-02-21T11:44:14","guid":{"rendered":"https:\/\/primdentalreus.es\/?page_id=2672"},"modified":"2024-05-22T15:16:09","modified_gmt":"2024-05-22T13:16:09","slug":"implants-de-carrega-immediata","status":"publish","type":"page","link":"https:\/\/primdental.es\/ca\/tractaments\/implants-de-carrega-immediata\/","title":{"rendered":"Implants de c\u00e0rrega immediata"},"content":{"rendered":"<div data-elementor-type=\"wp-page\" data-elementor-id=\"2672\" class=\"elementor elementor-2672\" data-elementor-post-type=\"page\">\n\t\t\t\t<div class=\"elementor-element elementor-element-41276be4 e-con-full e-flex e-con e-parent\" data-id=\"41276be4\" data-element_type=\"container\" data-e-type=\"container\">\n\t\t\t\t<div class=\"elementor-element elementor-element-d7f5aaf elementor--h-position-center elementor--v-position-middle elementor-arrows-position-inside elementor-pagination-position-inside elementor-widget elementor-widget-slides\" data-id=\"d7f5aaf\" data-element_type=\"widget\" data-e-type=\"widget\" data-settings=\"{&quot;navigation&quot;:&quot;both&quot;,&quot;autoplay&quot;:&quot;yes&quot;,&quot;pause_on_hover&quot;:&quot;yes&quot;,&quot;pause_on_interaction&quot;:&quot;yes&quot;,&quot;autoplay_speed&quot;:5000,&quot;infinite&quot;:&quot;yes&quot;,&quot;transition&quot;:&quot;slide&quot;,&quot;transition_speed&quot;:500}\" data-widget_type=\"slides.default\">\n\t\t\t\t<div class=\"elementor-widget-container\">\n\t\t\t\t\t\t\t\t\t<div class=\"elementor-swiper\">\n\t\t\t\t\t<div class=\"elementor-slides-wrapper elementor-main-swiper swiper\" role=\"region\" aria-roledescription=\"carousel\" aria-label=\"Diapositivas\" dir=\"ltr\" data-animation=\"fadeInUp\">\n\t\t\t\t<div class=\"swiper-wrapper elementor-slides\">\n\t\t\t\t\t\t\t\t\t\t<div class=\"elementor-repeater-item-707865e swiper-slide\" role=\"group\" aria-roledescription=\"slide\"><div class=\"swiper-slide-bg elementor-ken-burns elementor-ken-burns--in\" role=\"img\" aria-label=\"GR_20230912-60709.jpg\"><\/div><div class=\"elementor-background-overlay\"><\/div><div class=\"swiper-slide-inner\" ><div class=\"swiper-slide-contents\"><div class=\"elementor-slide-heading\">Tractament<br>de C\u00e0rrega Immediata<\/div><div class=\"elementor-slide-description\">La implantologia dental ha revolucionat la manera com restaurem la funcionalitat i est\u00e8tica bucal.<\/div><\/div><\/div><\/div>\t\t\t\t<\/div>\n\t\t\t\t\t\t\t<\/div>\n\t\t\t\t<\/div>\n\t\t\t\t\t\t\t\t<\/div>\n\t\t\t\t<\/div>\n\t\t\t\t<\/div>\n\t\t<div class=\"elementor-element elementor-element-353b14aa e-flex e-con-boxed e-con e-parent\" data-id=\"353b14aa\" data-element_type=\"container\" data-e-type=\"container\" data-settings=\"{&quot;background_background&quot;:&quot;gradient&quot;}\">\n\t\t\t\t\t<div class=\"e-con-inner\">\n\t\t<div class=\"elementor-element elementor-element-1ea16893 e-con-full e-flex e-con e-child\" data-id=\"1ea16893\" data-element_type=\"container\" data-e-type=\"container\">\n\t\t\t\t<div class=\"elementor-element elementor-element-51bfeac1 elementor-widget elementor-widget-heading\" data-id=\"51bfeac1\" data-element_type=\"widget\" data-e-type=\"widget\" data-widget_type=\"heading.default\">\n\t\t\t\t<div class=\"elementor-widget-container\">\n\t\t\t\t\t<h1 class=\"elementor-heading-title elementor-size-default\">Transformant Somriures a l&#039;Instant: La M\u00e0gia de la C\u00e0rrega Immediata a Primdental<\/h1>\t\t\t\t<\/div>\n\t\t\t\t<\/div>\n\t\t\t\t<div class=\"elementor-element elementor-element-568e1cd4 elementor-widget elementor-widget-text-editor\" data-id=\"568e1cd4\" data-element_type=\"widget\" data-e-type=\"widget\" data-widget_type=\"text-editor.default\">\n\t\t\t\t<div class=\"elementor-widget-container\">\n\t\t\t\t\t\t\t\t\t<p>La implantologia dental ha revolucionat la manera com restaurem la<br \/>funcionalitat i est\u00e8tica bucal. En aquest article, explorarem la t\u00e8cnica de<br \/>c\u00e0rrega immediata en implantologia dental, els seus beneficis per als nostres<br \/>pacients i per qu\u00e8 \u00e9s lelecci\u00f3 ideal per a una rehabilitaci\u00f3 oral completa.<\/p>\t\t\t\t\t\t\t\t<\/div>\n\t\t\t\t<\/div>\n\t\t\t\t<div class=\"elementor-element elementor-element-c74cebe elementor-widget elementor-widget-text-editor\" data-id=\"c74cebe\" data-element_type=\"widget\" data-e-type=\"widget\" data-widget_type=\"text-editor.default\">\n\t\t\t\t<div class=\"elementor-widget-container\">\n\t\t\t\t\t\t\t\t\t<h5 class=\"pe-columna-1-title\">Qu\u00e8 \u00e9s la C\u00e0rrega Immediata en Implantologia Dental?<\/h5><p>La c\u00e0rrega immediata \u00e9s una t\u00e8cnica avan\u00e7ada en implantologia dental que ens<br \/>permet col\u00b7locar dents prot\u00e8siques fixes als implants dentals just despr\u00e9s de la seva inserci\u00f3. A difer\u00e8ncia dels m\u00e8todes tradicionals que requerien per\u00edodes de cicatritzaci\u00f3 perllongats abans de la col\u00b7locaci\u00f3 de les pr\u00f2tesis, la c\u00e0rrega immediata accelera el proc\u00e9s, oferint als nostres pacients una restauraci\u00f3 r\u00e0pida i efectiva.<\/p>\t\t\t\t\t\t\t\t<\/div>\n\t\t\t\t<\/div>\n\t\t\t\t<div class=\"elementor-element elementor-element-32e38739 elementor-widget__width-inherit elementor-widget-divider--view-line elementor-widget elementor-widget-divider\" data-id=\"32e38739\" data-element_type=\"widget\" data-e-type=\"widget\" data-widget_type=\"divider.default\">\n\t\t\t\t<div class=\"elementor-widget-container\">\n\t\t\t\t\t\t\t<div class=\"elementor-divider\">\n\t\t\t<span class=\"elementor-divider-separator\">\n\t\t\t\t\t\t<\/span>\n\t\t<\/div>\n\t\t\t\t\t\t<\/div>\n\t\t\t\t<\/div>\n\t\t\t\t<\/div>\n\t\t<div class=\"elementor-element elementor-element-78f796f6 e-con-full e-flex e-con e-child\" data-id=\"78f796f6\" data-element_type=\"container\" data-e-type=\"container\">\n\t\t\t\t<div class=\"elementor-element elementor-element-7e122af0 elementor-widget elementor-widget-video\" data-id=\"7e122af0\" data-element_type=\"widget\" data-e-type=\"widget\" data-settings=\"{&quot;video_type&quot;:&quot;hosted&quot;,&quot;show_image_overlay&quot;:&quot;yes&quot;,&quot;image_overlay&quot;:{&quot;url&quot;:&quot;https:\\\/\\\/primdental.es\\\/wp-content\\\/uploads\\\/2024\\\/02\\\/Video-Carga-Imediata.mp4.jpg&quot;,&quot;id&quot;:2701,&quot;size&quot;:&quot;&quot;,&quot;alt&quot;:&quot;&quot;,&quot;source&quot;:&quot;library&quot;},&quot;controls&quot;:&quot;yes&quot;}\" data-widget_type=\"video.default\">\n\t\t\t\t<div class=\"elementor-widget-container\">\n\t\t\t\t\t\t\t<div class=\"e-hosted-video elementor-wrapper elementor-open-inline\">\n\t\t\t\t\t<video class=\"elementor-video\" src=\"https:\/\/primdental.es\/wp-content\/uploads\/2024\/02\/Carga-inmediata.mp4\" controls=\"\" preload=\"metadata\" controlslist=\"nodownload\"><\/video>\n\t\t\t\t\t\t<div class=\"elementor-custom-embed-image-overlay\" style=\"background-image: url(https:\/\/primdental.es\/wp-content\/uploads\/2024\/02\/Video-Carga-Imediata.mp4.jpg);\">\n\t\t\t\t\t\t\t\t\t\t\t\t\t\t\t\t<div class=\"elementor-custom-embed-play\" role=\"button\" aria-label=\"Reproducir v\u00eddeo\" tabindex=\"0\">\n\t\t\t\t\t\t\t<svg aria-hidden=\"true\" class=\"e-font-icon-svg e-eicon-play\" viewbox=\"0 0 1000 1000\" xmlns=\"http:\/\/www.w3.org\/2000\/svg\"><path d=\"M838 162C746 71 633 25 500 25 371 25 258 71 163 162 71 254 25 367 25 500 25 633 71 746 163 837 254 929 367 979 500 979 633 979 746 933 838 837 929 746 975 633 975 500 975 367 929 254 838 162M808 192C892 279 933 379 933 500 933 621 892 725 808 808 725 892 621 938 500 938 379 938 279 896 196 808 113 725 67 621 67 500 67 379 108 279 196 192 279 108 383 62 500 62 621 62 721 108 808 192M438 392V642L642 517 438 392Z\"><\/path><\/svg>\t\t\t\t\t\t<\/div>\n\t\t\t\t\t\t\t\t\t<\/div>\n\t\t\t\t\t<\/div>\n\t\t\t\t\t\t<\/div>\n\t\t\t\t<\/div>\n\t\t\t\t<\/div>\n\t\t\t\t\t<\/div>\n\t\t\t\t<\/div>\n\t\t<div class=\"elementor-element elementor-element-7eb170f6 e-flex e-con-boxed e-con e-parent\" data-id=\"7eb170f6\" data-element_type=\"container\" data-e-type=\"container\" data-settings=\"{&quot;background_background&quot;:&quot;classic&quot;}\">\n\t\t\t\t\t<div class=\"e-con-inner\">\n\t\t<div class=\"elementor-element elementor-element-4d73c00 e-con-full e-flex e-con e-child\" data-id=\"4d73c00\" data-element_type=\"container\" data-e-type=\"container\">\n\t\t\t\t<div class=\"elementor-element elementor-element-6626dd6c elementor-widget elementor-widget-heading\" data-id=\"6626dd6c\" data-element_type=\"widget\" data-e-type=\"widget\" data-widget_type=\"heading.default\">\n\t\t\t\t<div class=\"elementor-widget-container\">\n\t\t\t\t\t<h2 class=\"elementor-heading-title elementor-size-default\">Beneficis per als nostres pacients:<\/h2>\t\t\t\t<\/div>\n\t\t\t\t<\/div>\n\t\t\t\t<div class=\"elementor-element elementor-element-44191e3b elementor-widget elementor-widget-text-editor\" data-id=\"44191e3b\" data-element_type=\"widget\" data-e-type=\"widget\" data-widget_type=\"text-editor.default\">\n\t\t\t\t<div class=\"elementor-widget-container\">\n\t\t\t\t\t\t\t\t\t<p><strong>1. Rapidesa i Conveni\u00e8ncia:<\/strong> El principal avantatge de la c\u00e0rrega immediata \u00e9s la rapidesa amb qu\u00e8 els nostres pacients poden recuperar el seu somriure. La col\u00b7locaci\u00f3 de dents prot\u00e8siques de manera immediata redueix el temps d&#039;espera, permetent als nostres pacients gaudir d&#039;una funci\u00f3 oral restaurada en un temps r\u00e8cord.<\/p><p><br \/><strong>2. Millora de l&#039;Est\u00e8tica:<\/strong> La c\u00e0rrega immediata proporciona resultats est\u00e8tics superiors. En evitar el per\u00edode d&#039;espera tradicional, es minimitza la p\u00e8rdua \u00f2ssia i gingival, contribuint a una aparen\u00e7a natural i harmoniosa de les genives i dents.<\/p><p><br \/><strong>3. Confort i Seguretat:<\/strong> L&#039;adaptaci\u00f3 primerenca de les pr\u00f2tesis facilita l&#039;adaptaci\u00f3 dels nostres pacients als nous implants. La c\u00e0rrega immediata tamb\u00e9 contribueix a una major estabilitat de l&#039;implant, brindant-ne una<br \/>sensaci\u00f3 de seguretat i comoditat des del principi.<\/p><p><br \/><strong>4. Menys Incomoditats Postoperat\u00f2ries:<\/strong> La t\u00e8cnica de c\u00e0rrega immediata redueix les mol\u00e8sties postoperat\u00f2ries en comparaci\u00f3 dels enfocaments convencionals. Els nostres pacients experimenten menys inflor i mol\u00e8sties, millorant significativament la seva experi\u00e8ncia durant la rehabilitaci\u00f3 oral.<\/p>\t\t\t\t\t\t\t\t<\/div>\n\t\t\t\t<\/div>\n\t\t\t\t<div class=\"elementor-element elementor-element-5ff34ea6 elementor-widget__width-inherit elementor-widget-divider--view-line elementor-widget elementor-widget-divider\" data-id=\"5ff34ea6\" data-element_type=\"widget\" data-e-type=\"widget\" data-widget_type=\"divider.default\">\n\t\t\t\t<div class=\"elementor-widget-container\">\n\t\t\t\t\t\t\t<div class=\"elementor-divider\">\n\t\t\t<span class=\"elementor-divider-separator\">\n\t\t\t\t\t\t<\/span>\n\t\t<\/div>\n\t\t\t\t\t\t<\/div>\n\t\t\t\t<\/div>\n\t\t\t\t<\/div>\n\t\t<div class=\"elementor-element elementor-element-5cb08a02 e-con-full e-flex e-con e-child\" data-id=\"5cb08a02\" data-element_type=\"container\" data-e-type=\"container\">\n\t\t\t\t<div class=\"elementor-element elementor-element-e0a7dca elementor-widget elementor-widget-text-editor\" data-id=\"e0a7dca\" data-element_type=\"widget\" data-e-type=\"widget\" data-widget_type=\"text-editor.default\">\n\t\t\t\t<div class=\"elementor-widget-container\">\n\t\t\t\t\t\t\t\t\t<p>Rehabilitaci\u00f3 Oral Completa amb C\u00e0rrega Immediata:<\/p>\t\t\t\t\t\t\t\t<\/div>\n\t\t\t\t<\/div>\n\t\t\t\t<div class=\"elementor-element elementor-element-aecf43c elementor-widget elementor-widget-text-editor\" data-id=\"aecf43c\" data-element_type=\"widget\" data-e-type=\"widget\" data-widget_type=\"text-editor.default\">\n\t\t\t\t<div class=\"elementor-widget-container\">\n\t\t\t\t\t\t\t\t\t<p>La c\u00e0rrega immediata no nom\u00e9s beneficia aquells que necessiten la substituci\u00f3 d&#039;una sola dent, sin\u00f3 que tamb\u00e9 \u00e9s una opci\u00f3 excepcional per a la rehabilitaci\u00f3 oral completa que oferim a la nostra pr\u00e0ctica. Aqu\u00ed hi ha algunes raons per les quals:<\/p><p><br \/><strong>1. Restauraci\u00f3 R\u00e0pida d&#039;Arcades Completa:<\/strong> La c\u00e0rrega immediata ens permet restaurar arcades completes en un sol procediment. Aix\u00f2 \u00e9s especialment valu\u00f3s per a pacients que han perdut diverses dents o que necessiten una<br \/>soluci\u00f3 integral per restaurar la funcionalitat i est\u00e8tica de tota la boca.<\/p><p><strong>2. Millora de la Qualitat de Vida:<\/strong> La rehabilitaci\u00f3 oral completa mitjan\u00e7ant c\u00e0rrega immediata proporciona als nostres pacients una millora significativa en la seva<br \/>qualitat de vida en restaurar la capacitat de parlar, mastegar i somriure amb confian\u00e7a en un curt per\u00edode.<\/p><p><br \/><strong>3. Menys Inconvenient i Menys Visites al Dentista:<\/strong> En consolidar el proc\u00e9s de rehabilitaci\u00f3 en un sol procediment, els nostres pacients experimenten menys interrupcions a la seva rutina di\u00e0ria i requereixen menys visites a la nostra<br \/>pr\u00e0ctica per completar el tractament.<\/p>\t\t\t\t\t\t\t\t<\/div>\n\t\t\t\t<\/div>\n\t\t\t\t<div class=\"elementor-element elementor-element-d9c96be elementor-widget elementor-widget-text-editor\" data-id=\"d9c96be\" data-element_type=\"widget\" data-e-type=\"widget\" data-widget_type=\"text-editor.default\">\n\t\t\t\t<div class=\"elementor-widget-container\">\n\t\t\t\t\t\t\t\t\t<p><strong>En conclusi\u00f3<\/strong>, la t\u00e8cnica de c\u00e0rrega immediata en implantologia dental<br \/>representa una revoluci\u00f3 en la manera com restaurem els somriures dels nostres pacients. Els seus beneficis en termes de rapidesa, est\u00e8tica, comoditat i versatilitat fan que sigui l&#039;elecci\u00f3 preferida, especialment per a la rehabilitaci\u00f3 oral completa que oferim a Primdental. La c\u00e0rrega immediata<br \/>no nom\u00e9s transforma somriures a l&#039;instant, sin\u00f3 que tamb\u00e9 millora la qualitat de vida dels nostres pacients, brindant-los una soluci\u00f3 integral i eficient per<br \/>recuperar la funci\u00f3 i la confian\u00e7a en la salut bucal.<\/p>\t\t\t\t\t\t\t\t<\/div>\n\t\t\t\t<\/div>\n\t\t\t\t<\/div>\n\t\t\t\t\t<\/div>\n\t\t\t\t<\/div>\n\t\t<div class=\"elementor-element elementor-element-19d4e2b e-flex e-con-boxed e-con e-parent\" data-id=\"19d4e2b\" data-element_type=\"container\" data-e-type=\"container\" data-settings=\"{&quot;background_background&quot;:&quot;gradient&quot;}\">\n\t\t\t\t\t<div class=\"e-con-inner\">\n\t\t\t\t<div class=\"elementor-element elementor-element-5d52b294 elementor-widget elementor-widget-heading\" data-id=\"5d52b294\" data-element_type=\"widget\" data-e-type=\"widget\" data-widget_type=\"heading.default\">\n\t\t\t\t<div class=\"elementor-widget-container\">\n\t\t\t\t\t<h2 class=\"elementor-heading-title elementor-size-default\">Testimonis<\/h2>\t\t\t\t<\/div>\n\t\t\t\t<\/div>\n\t\t\t\t<div class=\"elementor-element elementor-element-fd4aa06 elementor-widget elementor-widget-video\" data-id=\"fd4aa06\" data-element_type=\"widget\" data-e-type=\"widget\" data-settings=\"{&quot;video_type&quot;:&quot;hosted&quot;,&quot;show_image_overlay&quot;:&quot;yes&quot;,&quot;image_overlay&quot;:{&quot;url&quot;:&quot;https:\\\/\\\/primdental.es\\\/wp-content\\\/uploads\\\/2024\\\/02\\\/Test-3.mp4-1.jpg&quot;,&quot;id&quot;:2713,&quot;size&quot;:&quot;&quot;,&quot;alt&quot;:&quot;&quot;,&quot;source&quot;:&quot;library&quot;},&quot;controls&quot;:&quot;yes&quot;}\" data-widget_type=\"video.default\">\n\t\t\t\t<div class=\"elementor-widget-container\">\n\t\t\t\t\t\t\t<div class=\"e-hosted-video elementor-wrapper elementor-open-inline\">\n\t\t\t\t\t<video class=\"elementor-video\" src=\"https:\/\/primdental.es\/wp-content\/uploads\/2024\/02\/Tetimonio-3.mp4\" controls=\"\" preload=\"metadata\" controlslist=\"nodownload\"><\/video>\n\t\t\t\t\t\t<div class=\"elementor-custom-embed-image-overlay\" style=\"background-image: url(https:\/\/primdental.es\/wp-content\/uploads\/2024\/02\/Test-3.mp4-1.jpg);\">\n\t\t\t\t\t\t\t\t\t\t\t\t\t\t\t\t<div class=\"elementor-custom-embed-play\" role=\"button\" aria-label=\"Reproducir v\u00eddeo\" tabindex=\"0\">\n\t\t\t\t\t\t\t<svg aria-hidden=\"true\" class=\"e-font-icon-svg e-eicon-play\" viewbox=\"0 0 1000 1000\" xmlns=\"http:\/\/www.w3.org\/2000\/svg\"><path d=\"M838 162C746 71 633 25 500 25 371 25 258 71 163 162 71 254 25 367 25 500 25 633 71 746 163 837 254 929 367 979 500 979 633 979 746 933 838 837 929 746 975 633 975 500 975 367 929 254 838 162M808 192C892 279 933 379 933 500 933 621 892 725 808 808 725 892 621 938 500 938 379 938 279 896 196 808 113 725 67 621 67 500 67 379 108 279 196 192 279 108 383 62 500 62 621 62 721 108 808 192M438 392V642L642 517 438 392Z\"><\/path><\/svg>\t\t\t\t\t\t<\/div>\n\t\t\t\t\t\t\t\t\t<\/div>\n\t\t\t\t\t<\/div>\n\t\t\t\t\t\t<\/div>\n\t\t\t\t<\/div>\n\t\t\t\t\t<\/div>\n\t\t\t\t<\/div>\n\t\t\t\t<\/div>","protected":false},"excerpt":{"rendered":"<p>Tratamientode Carga InmediataLa implantolog\u00eda dental ha revolucionado la forma en que restauramos la funcionalidad y est\u00e9tica bucal. Transformando Sonrisas al Instante: La Magia de [&hellip;]<\/p>\n","protected":false},"author":1,"featured_media":0,"parent":1765,"menu_order":0,"comment_status":"closed","ping_status":"closed","template":"","meta":{"site-sidebar-layout":"no-sidebar","site-content-layout":"page-builder","ast-site-content-layout":"full-width-container","site-content-style":"default","site-sidebar-style":"default","ast-global-header-display":"","ast-banner-title-visibility":"","ast-main-header-display":"","ast-hfb-above-header-display":"","ast-hfb-below-header-display":"","ast-hfb-mobile-header-display":"","site-post-title":"disabled","ast-breadcrumbs-content":"","ast-featured-img":"disabled","footer-sml-layout":"","ast-disable-related-posts":"","theme-transparent-header-meta":"default","adv-header-id-meta":"","stick-header-meta":"default","header-above-stick-meta":"","header-main-stick-meta":"","header-below-stick-meta":"","astra-migrate-meta-layouts":"set","ast-page-background-enabled":"default","ast-page-background-meta":{"desktop":{"background-color":"","background-image":"","background-repeat":"repeat","background-position":"center center","background-size":"auto","background-attachment":"scroll","background-type":"","background-media":"","overlay-type":"","overlay-color":"","overlay-opacity":"","overlay-gradient":""},"tablet":{"background-color":"","background-image":"","background-repeat":"repeat","background-position":"center center","background-size":"auto","background-attachment":"scroll","background-type":"","background-media":"","overlay-type":"","overlay-color":"","overlay-opacity":"","overlay-gradient":""},"mobile":{"background-color":"","background-image":"","background-repeat":"repeat","background-position":"center center","background-size":"auto","background-attachment":"scroll","background-type":"","background-media":"","overlay-type":"","overlay-color":"","overlay-opacity":"","overlay-gradient":""}},"ast-content-background-meta":{"desktop":{"background-color":"var(--ast-global-color-5)","background-image":"","background-repeat":"repeat","background-position":"center center","background-size":"auto","background-attachment":"scroll","background-type":"","background-media":"","overlay-type":"","overlay-color":"","overlay-opacity":"","overlay-gradient":""},"tablet":{"background-color":"var(--ast-global-color-5)","background-image":"","background-repeat":"repeat","background-position":"center center","background-size":"auto","background-attachment":"scroll","background-type":"","background-media":"","overlay-type":"","overlay-color":"","overlay-opacity":"","overlay-gradient":""},"mobile":{"background-color":"var(--ast-global-color-5)","background-image":"","background-repeat":"repeat","background-position":"center center","background-size":"auto","background-attachment":"scroll","background-type":"","background-media":"","overlay-type":"","overlay-color":"","overlay-opacity":"","overlay-gradient":""}},"footnotes":""},"class_list":["post-2672","page","type-page","status-publish","hentry"],"_links":{"self":[{"href":"https:\/\/primdental.es\/ca\/wp-json\/wp\/v2\/pages\/2672","targetHints":{"allow":["GET"]}}],"collection":[{"href":"https:\/\/primdental.es\/ca\/wp-json\/wp\/v2\/pages"}],"about":[{"href":"https:\/\/primdental.es\/ca\/wp-json\/wp\/v2\/types\/page"}],"author":[{"embeddable":true,"href":"https:\/\/primdental.es\/ca\/wp-json\/wp\/v2\/users\/1"}],"replies":[{"embeddable":true,"href":"https:\/\/primdental.es\/ca\/wp-json\/wp\/v2\/comments?post=2672"}],"version-history":[{"count":61,"href":"https:\/\/primdental.es\/ca\/wp-json\/wp\/v2\/pages\/2672\/revisions"}],"predecessor-version":[{"id":2904,"href":"https:\/\/primdental.es\/ca\/wp-json\/wp\/v2\/pages\/2672\/revisions\/2904"}],"up":[{"embeddable":true,"href":"https:\/\/primdental.es\/ca\/wp-json\/wp\/v2\/pages\/1765"}],"wp:attachment":[{"href":"https:\/\/primdental.es\/ca\/wp-json\/wp\/v2\/media?parent=2672"}],"curies":[{"name":"wp","href":"https:\/\/api.w.org\/{rel}","templated":true}]}}