{"id":1642,"date":"2024-01-31T00:44:00","date_gmt":"2024-01-30T23:44:00","guid":{"rendered":"https:\/\/primdentalreus.es\/?page_id=1642"},"modified":"2024-01-31T00:48:26","modified_gmt":"2024-01-30T23:48:26","slug":"accesibilidad","status":"publish","type":"page","link":"https:\/\/primdental.es\/en\/accesibilidad\/","title":{"rendered":"Accessibility"},"content":{"rendered":"<p><strong>Bienvenido a Primdental &#8211; Cuidando de tu Sonrisa<\/strong><\/p>\n<p>En Primdental, nos comprometemos a brindar una experiencia en l\u00ednea accesible para todos nuestros visitantes, incluyendo aquellas personas con discapacidades. Estamos trabajando continuamente para mejorar la accesibilidad de nuestra p\u00e1gina web y asegurarnos de que todos los usuarios tengan igualdad de oportunidades para acceder a la informaci\u00f3n y disfrutar de nuestros servicios.<\/p>\n<p><strong>Navegaci\u00f3n y Contenido Accesible:<\/strong><\/p>\n<ul>\n<li><strong>Teclas de Acceso R\u00e1pido:<\/strong> Utiliza las teclas de acceso r\u00e1pido proporcionadas para saltar directamente a \u00e1reas clave de la p\u00e1gina, facilitando la navegaci\u00f3n para personas que utilizan lectores de pantalla.<\/li>\n<li><strong>Texto Alternativo para Im\u00e1genes:<\/strong> Todas las im\u00e1genes importantes contienen descripciones detalladas para que los usuarios con discapacidades visuales puedan comprender el contenido visual.<\/li>\n<li><strong>Contraste Mejorado:<\/strong> Hemos optimizado el contraste de color en nuestra p\u00e1gina para mejorar la legibilidad y hacerla m\u00e1s accesible para personas con baja visi\u00f3n.<\/li>\n<\/ul>\n<p><strong>Compatibilidad con Tecnolog\u00edas de Asistencia:<\/strong><\/p>\n<ul>\n<li><strong>Compatibilidad con Lectores de Pantalla:<\/strong> Nuestra p\u00e1gina web es compatible con lectores de pantalla, permitiendo a los usuarios con discapacidades visuales navegar y comprender el contenido de manera efectiva.<\/li>\n<li><strong>Compatibilidad con Teclados:<\/strong> Todas las funciones esenciales pueden ser utilizadas f\u00e1cilmente a trav\u00e9s del teclado, proporcionando una experiencia de navegaci\u00f3n sin necesidad de un rat\u00f3n.<\/li>\n<\/ul>\n<p><strong>Cont\u00e1ctanos para Mejoras Continuas:<\/strong><\/p>\n<p>Valoramos tus comentarios y estamos abiertos a sugerencias para mejorar la accesibilidad de nuestra p\u00e1gina web. Si encuentras alg\u00fan problema o tienes alguna recomendaci\u00f3n, no dudes en ponerte en contacto con nuestro equipo de soporte.<\/p>\n<p>Agradecemos tu visita a Primdental y esperamos que disfrutes de una experiencia inclusiva mientras exploras nuestro sitio web.<\/p>","protected":false},"excerpt":{"rendered":"<p>Bienvenido a Primdental &#8211; Cuidando de tu Sonrisa En Primdental, nos comprometemos a brindar una experiencia en l\u00ednea accesible para todos nuestros visitantes, incluyendo [&hellip;]<\/p>\n","protected":false},"author":1,"featured_media":0,"parent":0,"menu_order":0,"comment_status":"closed","ping_status":"closed","template":"","meta":{"site-sidebar-layout":"default","site-content-layout":"","ast-site-content-layout":"default","site-content-style":"default","site-sidebar-style":"default","ast-global-header-display":"","ast-banner-title-visibility":"","ast-main-header-display":"","ast-hfb-above-header-display":"","ast-hfb-below-header-display":"","ast-hfb-mobile-header-display":"","site-post-title":"","ast-breadcrumbs-content":"","ast-featured-img":"","footer-sml-layout":"","ast-disable-related-posts":"","theme-transparent-header-meta":"default","adv-header-id-meta":"","stick-header-meta":"","header-above-stick-meta":"","header-main-stick-meta":"","header-below-stick-meta":"","astra-migrate-meta-layouts":"set","ast-page-background-enabled":"default","ast-page-background-meta":{"desktop":{"background-color":"","background-image":"","background-repeat":"repeat","background-position":"center center","background-size":"auto","background-attachment":"scroll","background-type":"","background-media":"","overlay-type":"","overlay-color":"","overlay-opacity":"","overlay-gradient":""},"tablet":{"background-color":"","background-image":"","background-repeat":"repeat","background-position":"center center","background-size":"auto","background-attachment":"scroll","background-type":"","background-media":"","overlay-type":"","overlay-color":"","overlay-opacity":"","overlay-gradient":""},"mobile":{"background-color":"","background-image":"","background-repeat":"repeat","background-position":"center center","background-size":"auto","background-attachment":"scroll","background-type":"","background-media":"","overlay-type":"","overlay-color":"","overlay-opacity":"","overlay-gradient":""}},"ast-content-background-meta":{"desktop":{"background-color":"var(--ast-global-color-5)","background-image":"","background-repeat":"repeat","background-position":"center center","background-size":"auto","background-attachment":"scroll","background-type":"","background-media":"","overlay-type":"","overlay-color":"","overlay-opacity":"","overlay-gradient":""},"tablet":{"background-color":"var(--ast-global-color-5)","background-image":"","background-repeat":"repeat","background-position":"center center","background-size":"auto","background-attachment":"scroll","background-type":"","background-media":"","overlay-type":"","overlay-color":"","overlay-opacity":"","overlay-gradient":""},"mobile":{"background-color":"var(--ast-global-color-5)","background-image":"","background-repeat":"repeat","background-position":"center center","background-size":"auto","background-attachment":"scroll","background-type":"","background-media":"","overlay-type":"","overlay-color":"","overlay-opacity":"","overlay-gradient":""}},"footnotes":""},"class_list":["post-1642","page","type-page","status-publish","hentry"],"_links":{"self":[{"href":"https:\/\/primdental.es\/en\/wp-json\/wp\/v2\/pages\/1642","targetHints":{"allow":["GET"]}}],"collection":[{"href":"https:\/\/primdental.es\/en\/wp-json\/wp\/v2\/pages"}],"about":[{"href":"https:\/\/primdental.es\/en\/wp-json\/wp\/v2\/types\/page"}],"author":[{"embeddable":true,"href":"https:\/\/primdental.es\/en\/wp-json\/wp\/v2\/users\/1"}],"replies":[{"embeddable":true,"href":"https:\/\/primdental.es\/en\/wp-json\/wp\/v2\/comments?post=1642"}],"version-history":[{"count":2,"href":"https:\/\/primdental.es\/en\/wp-json\/wp\/v2\/pages\/1642\/revisions"}],"predecessor-version":[{"id":1646,"href":"https:\/\/primdental.es\/en\/wp-json\/wp\/v2\/pages\/1642\/revisions\/1646"}],"wp:attachment":[{"href":"https:\/\/primdental.es\/en\/wp-json\/wp\/v2\/media?parent=1642"}],"curies":[{"name":"wp","href":"https:\/\/api.w.org\/{rel}","templated":true}]}}