{"id":1644,"date":"2024-01-31T00:45:06","date_gmt":"2024-01-30T23:45:06","guid":{"rendered":"https:\/\/primdentalreus.es\/?page_id=1644"},"modified":"2024-02-04T08:23:38","modified_gmt":"2024-02-04T07:23:38","slug":"legal-warning","status":"publish","type":"page","link":"https:\/\/primdental.es\/en\/legal-warning\/","title":{"rendered":"Legal notice"},"content":{"rendered":"<p>This LEGAL NOTICE regulates the rights and obligations of primdentalreus.es and the users, in relation to access, navigation and use of this website without prejudice to the fact that Primdental reserves the right to modify, without prior notice, its content, being those that are published at the time of navigation are valid.<br \/>\nBy browsing, viewing and using this website you acquire the status of user, and therefore implies on your part the express acceptance of all the clauses that we indicate in this Legal Notice, as well as the rest of the warnings or specific clauses that are established. in the different sections for contracting, use of services, products, registrations, or sections of the Page.<br \/>\nTherefore, if you do not accept the clauses established in this Legal Notice, you must refrain from accessing and\/or using the services and\/or content made available to you on the Page, proceeding to leave it.<br \/>\nprimdentalreus.es may terminate, suspend or interrupt, at any time without prior notice, access to the contents of the page, without the User being able to demand any compensation. However, in the event of closure of the platform, any payment made for uncompleted annual subscriptions will be refunded.<br \/>\nPersonal and fiscal information of the person responsible for the Website<\/p>\n<p><strong>Company:<\/strong> Primdental Serveis Odontologics SL<br \/>\n<strong>NIF:<\/strong> B55728612<br \/>\n<strong>Tradename:<\/strong> Primdental<br \/>\n<strong>Phone:<\/strong> <a href=\"tel:691544650\">691544650<\/a><br \/>\n<strong>Email:<\/strong> <a href=\"mailto:primdentalreus@gmail.com\">primdentalreus@gmail.com<\/a><br \/>\n<strong>Website name:<\/strong> Primdental<br \/>\n<strong><br \/>\nForm of income:<\/strong><br \/>\nThe **primdentalreus.es\/ ** website is a corporate page that does not generate income online.<br \/>\n<strong><br \/>\nServices:<\/strong><br \/>\n\u2013 Implantology<br \/>\n\u2013 Orthodontics<br \/>\n\u2013 Treatments<br \/>\n\u2013 Endodontics<br \/>\n- Dental Aesthetics<br \/>\n- Dental prostheses<br \/>\n\u2013 Periodontics<br \/>\n- Dental implants<br \/>\n- General odontology<\/p>\n<p><strong><br \/>\nterms of use<\/strong><br \/>\nIf you browse this website you tacitly accept the terms of use and the privacy terms, as well as declare that you have read the legal notice.<br \/>\nNeither this website nor its legal representatives are responsible for the content or the veracity of the privacy policies that third-party services unrelated to this website may have.<br \/>\nThe copying or transcription, complete or partial, of any text on this website for any use is expressly prohibited. The texts on this website are made only to be read, please refrain from using them for any other purpose.<br \/>\nCopying or downloading images from this website is expressly prohibited.<br \/>\nHotlinking of images on this website is not permitted.<br \/>\nIt is allowed to copy and use the HTML structures and CSS styles used on this website, as long as it is partial and never the entire format, generating a website identical to this one.<br \/>\nIn the event of non-compliance with these conditions, we may be forced to take appropriate legal measures.<\/p>","protected":false},"excerpt":{"rendered":"<p>El presente AVISO LEGAL regula los derechos y obligaciones del primdentalreus.es y de los usuarios, en relaci\u00f3n al acceso, navegaci\u00f3n y utilizaci\u00f3n de la [&hellip;]<\/p>\n","protected":false},"author":1,"featured_media":0,"parent":0,"menu_order":0,"comment_status":"closed","ping_status":"closed","template":"","meta":{"site-sidebar-layout":"default","site-content-layout":"","ast-site-content-layout":"default","site-content-style":"default","site-sidebar-style":"default","ast-global-header-display":"","ast-banner-title-visibility":"","ast-main-header-display":"","ast-hfb-above-header-display":"","ast-hfb-below-header-display":"","ast-hfb-mobile-header-display":"","site-post-title":"","ast-breadcrumbs-content":"","ast-featured-img":"","footer-sml-layout":"","ast-disable-related-posts":"","theme-transparent-header-meta":"default","adv-header-id-meta":"","stick-header-meta":"default","header-above-stick-meta":"","header-main-stick-meta":"","header-below-stick-meta":"","astra-migrate-meta-layouts":"set","ast-page-background-enabled":"default","ast-page-background-meta":{"desktop":{"background-color":"","background-image":"","background-repeat":"repeat","background-position":"center center","background-size":"auto","background-attachment":"scroll","background-type":"","background-media":"","overlay-type":"","overlay-color":"","overlay-opacity":"","overlay-gradient":""},"tablet":{"background-color":"","background-image":"","background-repeat":"repeat","background-position":"center center","background-size":"auto","background-attachment":"scroll","background-type":"","background-media":"","overlay-type":"","overlay-color":"","overlay-opacity":"","overlay-gradient":""},"mobile":{"background-color":"","background-image":"","background-repeat":"repeat","background-position":"center center","background-size":"auto","background-attachment":"scroll","background-type":"","background-media":"","overlay-type":"","overlay-color":"","overlay-opacity":"","overlay-gradient":""}},"ast-content-background-meta":{"desktop":{"background-color":"var(--ast-global-color-5)","background-image":"","background-repeat":"repeat","background-position":"center center","background-size":"auto","background-attachment":"scroll","background-type":"","background-media":"","overlay-type":"","overlay-color":"","overlay-opacity":"","overlay-gradient":""},"tablet":{"background-color":"var(--ast-global-color-5)","background-image":"","background-repeat":"repeat","background-position":"center center","background-size":"auto","background-attachment":"scroll","background-type":"","background-media":"","overlay-type":"","overlay-color":"","overlay-opacity":"","overlay-gradient":""},"mobile":{"background-color":"var(--ast-global-color-5)","background-image":"","background-repeat":"repeat","background-position":"center center","background-size":"auto","background-attachment":"scroll","background-type":"","background-media":"","overlay-type":"","overlay-color":"","overlay-opacity":"","overlay-gradient":""}},"footnotes":""},"class_list":["post-1644","page","type-page","status-publish","hentry"],"_links":{"self":[{"href":"https:\/\/primdental.es\/en\/wp-json\/wp\/v2\/pages\/1644","targetHints":{"allow":["GET"]}}],"collection":[{"href":"https:\/\/primdental.es\/en\/wp-json\/wp\/v2\/pages"}],"about":[{"href":"https:\/\/primdental.es\/en\/wp-json\/wp\/v2\/types\/page"}],"author":[{"embeddable":true,"href":"https:\/\/primdental.es\/en\/wp-json\/wp\/v2\/users\/1"}],"replies":[{"embeddable":true,"href":"https:\/\/primdental.es\/en\/wp-json\/wp\/v2\/comments?post=1644"}],"version-history":[{"count":6,"href":"https:\/\/primdental.es\/en\/wp-json\/wp\/v2\/pages\/1644\/revisions"}],"predecessor-version":[{"id":2297,"href":"https:\/\/primdental.es\/en\/wp-json\/wp\/v2\/pages\/1644\/revisions\/2297"}],"wp:attachment":[{"href":"https:\/\/primdental.es\/en\/wp-json\/wp\/v2\/media?parent=1644"}],"curies":[{"name":"wp","href":"https:\/\/api.w.org\/{rel}","templated":true}]}}