{"id":1890,"date":"2024-02-02T06:48:43","date_gmt":"2024-02-02T05:48:43","guid":{"rendered":"https:\/\/primdentalreus.es\/?page_id=1890"},"modified":"2024-05-22T10:52:33","modified_gmt":"2024-05-22T08:52:33","slug":"dental-aesthetics","status":"publish","type":"page","link":"https:\/\/primdental.es\/en\/treatments\/dental-aesthetics\/","title":{"rendered":"Dental Aesthetics"},"content":{"rendered":"<div data-elementor-type=\"wp-page\" data-elementor-id=\"1890\" class=\"elementor elementor-1890\" data-elementor-post-type=\"page\">\n\t\t\t\t<div class=\"elementor-element elementor-element-11c56262 e-con-full e-flex e-con e-parent\" data-id=\"11c56262\" data-element_type=\"container\" data-e-type=\"container\">\n\t\t\t\t<div class=\"elementor-element elementor-element-692321ea elementor--h-position-center elementor--v-position-middle elementor-arrows-position-inside elementor-pagination-position-inside elementor-widget elementor-widget-slides\" data-id=\"692321ea\" data-element_type=\"widget\" data-e-type=\"widget\" data-settings=\"{&quot;navigation&quot;:&quot;both&quot;,&quot;autoplay&quot;:&quot;yes&quot;,&quot;pause_on_hover&quot;:&quot;yes&quot;,&quot;pause_on_interaction&quot;:&quot;yes&quot;,&quot;autoplay_speed&quot;:5000,&quot;infinite&quot;:&quot;yes&quot;,&quot;transition&quot;:&quot;slide&quot;,&quot;transition_speed&quot;:500}\" data-widget_type=\"slides.default\">\n\t\t\t\t<div class=\"elementor-widget-container\">\n\t\t\t\t\t\t\t\t\t<div class=\"elementor-swiper\">\n\t\t\t\t\t<div class=\"elementor-slides-wrapper elementor-main-swiper swiper\" role=\"region\" aria-roledescription=\"carousel\" aria-label=\"Diapositives\" dir=\"ltr\" data-animation=\"fadeInUp\">\n\t\t\t\t<div class=\"swiper-wrapper elementor-slides\">\n\t\t\t\t\t\t\t\t\t\t<div class=\"elementor-repeater-item-707865e swiper-slide\" role=\"group\" aria-roledescription=\"slide\"><div class=\"swiper-slide-bg elementor-ken-burns elementor-ken-burns--in\" role=\"img\" aria-label=\"ESTETICA-DENTAL-2\"><\/div><div class=\"elementor-background-overlay\"><\/div><div class=\"swiper-slide-inner\" ><div class=\"swiper-slide-contents\"><div class=\"elementor-slide-heading\">Esthetic <br> Dental<\/div><div class=\"elementor-slide-description\">Take advantage of our latest advances in dentistry <br> to get the smile you always dreamed of.<\/div><\/div><\/div><\/div><div class=\"elementor-repeater-item-bfac338 swiper-slide\" role=\"group\" aria-roledescription=\"slide\"><div class=\"swiper-slide-bg elementor-ken-burns elementor-ken-burns--in\" role=\"img\" aria-label=\"ESTETICA-DENTAL-3\"><\/div><div class=\"elementor-background-overlay\"><\/div><div class=\"swiper-slide-inner\" ><div class=\"swiper-slide-contents\"><div class=\"elementor-slide-heading\">Esthetic <br> Dental<\/div><div class=\"elementor-slide-description\">Take advantage of our latest advances in dentistry <br> to get the smile you always dreamed of.<\/div><\/div><\/div><\/div>\t\t\t\t<\/div>\n\t\t\t\t\t\t\t\t\t\t\t\t\t\t\t<div class=\"elementor-swiper-button elementor-swiper-button-prev\" role=\"button\" tabindex=\"0\" aria-label=\"Diapositiva anterior\" data-no-translation-aria-label=\"\">\n\t\t\t\t\t\t\t<svg aria-hidden=\"true\" class=\"e-font-icon-svg e-eicon-chevron-left\" viewbox=\"0 0 1000 1000\" xmlns=\"http:\/\/www.w3.org\/2000\/svg\"><path d=\"M646 125C629 125 613 133 604 142L308 442C296 454 292 471 292 487 292 504 296 521 308 533L604 854C617 867 629 875 646 875 663 875 679 871 692 858 704 846 713 829 713 812 713 796 708 779 692 767L438 487 692 225C700 217 708 204 708 187 708 171 704 154 692 142 675 129 663 125 646 125Z\"><\/path><\/svg>\t\t\t\t\t\t<\/div>\n\t\t\t\t\t\t<div class=\"elementor-swiper-button elementor-swiper-button-next\" role=\"button\" tabindex=\"0\" aria-label=\"Diapositiva seg\u00fcent\" data-no-translation-aria-label=\"\">\n\t\t\t\t\t\t\t<svg aria-hidden=\"true\" class=\"e-font-icon-svg e-eicon-chevron-right\" viewbox=\"0 0 1000 1000\" xmlns=\"http:\/\/www.w3.org\/2000\/svg\"><path d=\"M696 533C708 521 713 504 713 487 713 471 708 454 696 446L400 146C388 133 375 125 354 125 338 125 325 129 313 142 300 154 292 171 292 187 292 204 296 221 308 233L563 492 304 771C292 783 288 800 288 817 288 833 296 850 308 863 321 871 338 875 354 875 371 875 388 867 400 854L696 533Z\"><\/path><\/svg>\t\t\t\t\t\t<\/div>\n\t\t\t\t\t\t\t\t\t\t\t\t\t\t\t\t<div class=\"swiper-pagination\"><\/div>\n\t\t\t\t\t\t\t\t\t\t\t\t<\/div>\n\t\t\t\t<\/div>\n\t\t\t\t\t\t\t\t<\/div>\n\t\t\t\t<\/div>\n\t\t\t\t<\/div>\n\t\t<div class=\"elementor-element elementor-element-18693869 e-flex e-con-boxed e-con e-parent\" data-id=\"18693869\" data-element_type=\"container\" data-e-type=\"container\" data-settings=\"{&quot;background_background&quot;:&quot;gradient&quot;}\">\n\t\t\t\t\t<div class=\"e-con-inner\">\n\t\t<div class=\"elementor-element elementor-element-59cfbfc8 e-con-full e-flex e-con e-child\" data-id=\"59cfbfc8\" data-element_type=\"container\" data-e-type=\"container\">\n\t\t\t\t<div class=\"elementor-element elementor-element-24e3dff3 elementor-widget elementor-widget-heading\" data-id=\"24e3dff3\" data-element_type=\"widget\" data-e-type=\"widget\" data-widget_type=\"heading.default\">\n\t\t\t\t<div class=\"elementor-widget-container\">\n\t\t\t\t\t<h1 class=\"elementor-heading-title elementor-size-default\">dental veneers<\/h1>\t\t\t\t<\/div>\n\t\t\t\t<\/div>\n\t\t\t\t<div class=\"elementor-element elementor-element-62486fe6 elementor-widget elementor-widget-text-editor\" data-id=\"62486fe6\" data-element_type=\"widget\" data-e-type=\"widget\" data-widget_type=\"text-editor.default\">\n\t\t\t\t<div class=\"elementor-widget-container\">\n\t\t\t\t\t\t\t\t\t<p>Dental veneers achieve a perfect image for your teeth. The treatment is characterized by the absence of pain or discomfort throughout the intervention.<\/p><p>Our clinic uses top quality materials in all our treatments. The veneers used ensure the best results and long duration.<\/p><p>With dental veneers your teeth will look perfect and white, achieving a beautiful smile in a simple process that does not cause any type of discomfort.<\/p><ul class=\"check amarillo\"><li>Fast and convenient<\/li><li>Healthy and perfect smiles<\/li><li>No discomfort or pain<\/li><\/ul>\t\t\t\t\t\t\t\t<\/div>\n\t\t\t\t<\/div>\n\t\t\t\t<div class=\"elementor-element elementor-element-d51941f elementor-widget__width-inherit elementor-widget-divider--view-line elementor-widget elementor-widget-divider\" data-id=\"d51941f\" data-element_type=\"widget\" data-e-type=\"widget\" data-widget_type=\"divider.default\">\n\t\t\t\t<div class=\"elementor-widget-container\">\n\t\t\t\t\t\t\t<div class=\"elementor-divider\">\n\t\t\t<span class=\"elementor-divider-separator\">\n\t\t\t\t\t\t<\/span>\n\t\t<\/div>\n\t\t\t\t\t\t<\/div>\n\t\t\t\t<\/div>\n\t\t\t\t<\/div>\n\t\t<div class=\"elementor-element elementor-element-2ef0de25 e-con-full e-flex e-con e-child\" data-id=\"2ef0de25\" data-element_type=\"container\" data-e-type=\"container\">\n\t\t\t\t<div class=\"elementor-element elementor-element-f98101c elementor-widget elementor-widget-image\" data-id=\"f98101c\" data-element_type=\"widget\" data-e-type=\"widget\" data-widget_type=\"image.default\">\n\t\t\t\t<div class=\"elementor-widget-container\">\n\t\t\t\t\t\t\t\t\t\t\t\t\t\t\t<img fetchpriority=\"high\" decoding=\"async\" width=\"1024\" height=\"641\" src=\"https:\/\/primdental.es\/wp-content\/uploads\/2024\/02\/sonrisa-carillas-dentales-1024x641.jpg\" class=\"attachment-large size-large wp-image-1917\" alt=\"\" srcset=\"https:\/\/primdental.es\/wp-content\/uploads\/2024\/02\/sonrisa-carillas-dentales-1024x641.jpg 1024w, https:\/\/primdental.es\/wp-content\/uploads\/2024\/02\/sonrisa-carillas-dentales-300x188.jpg 300w, https:\/\/primdental.es\/wp-content\/uploads\/2024\/02\/sonrisa-carillas-dentales-768x481.jpg 768w, https:\/\/primdental.es\/wp-content\/uploads\/2024\/02\/sonrisa-carillas-dentales-1536x962.jpg 1536w, https:\/\/primdental.es\/wp-content\/uploads\/2024\/02\/sonrisa-carillas-dentales-18x12.jpg 18w, https:\/\/primdental.es\/wp-content\/uploads\/2024\/02\/sonrisa-carillas-dentales.jpg 1600w\" sizes=\"(max-width: 1024px) 100vw, 1024px\" \/>\t\t\t\t\t\t\t\t\t\t\t\t\t\t\t<\/div>\n\t\t\t\t<\/div>\n\t\t\t\t<\/div>\n\t\t\t\t\t<\/div>\n\t\t\t\t<\/div>\n\t\t<div class=\"elementor-element elementor-element-6305b648 e-flex e-con-boxed e-con e-parent\" data-id=\"6305b648\" data-element_type=\"container\" data-e-type=\"container\" data-settings=\"{&quot;background_background&quot;:&quot;classic&quot;}\">\n\t\t\t\t\t<div class=\"e-con-inner\">\n\t\t<div class=\"elementor-element elementor-element-4ea624f4 e-con-full e-flex e-con e-child\" data-id=\"4ea624f4\" data-element_type=\"container\" data-e-type=\"container\">\n\t\t\t\t<div class=\"elementor-element elementor-element-5ed71aa8 elementor-widget elementor-widget-heading\" data-id=\"5ed71aa8\" data-element_type=\"widget\" data-e-type=\"widget\" data-widget_type=\"heading.default\">\n\t\t\t\t<div class=\"elementor-widget-container\">\n\t\t\t\t\t<h1 class=\"elementor-heading-title elementor-size-default\">Teeth whitening<\/h1>\t\t\t\t<\/div>\n\t\t\t\t<\/div>\n\t\t\t\t<div class=\"elementor-element elementor-element-7212205c elementor-widget elementor-widget-text-editor\" data-id=\"7212205c\" data-element_type=\"widget\" data-e-type=\"widget\" data-widget_type=\"text-editor.default\">\n\t\t\t\t<div class=\"elementor-widget-container\">\n\t\t\t\t\t\t\t\t\t<p>Teeth whitening achieves a perfect color for your teeth that will give you a beautiful smile.<\/p><p>This treatment is characterized by the absence of pain or discomfort throughout the intervention. It is also a simple process with excellent results.<\/p><p>With teeth whitening your teeth will have a perfect color, achieving a beautiful smile. The color of your teeth is an aspect that can affect personal relationships. Thanks to teeth whitening, the yellowness caused by drinks or tobacco is eliminated and stains caused by food are eliminated.<\/p><ul><li>Fast and convenient<\/li><li>Healthy and perfect smiles<br \/><br \/><\/li><\/ul>\t\t\t\t\t\t\t\t<\/div>\n\t\t\t\t<\/div>\n\t\t\t\t<div class=\"elementor-element elementor-element-79c3c2e8 elementor-widget__width-inherit elementor-widget-divider--view-line elementor-widget elementor-widget-divider\" data-id=\"79c3c2e8\" data-element_type=\"widget\" data-e-type=\"widget\" data-widget_type=\"divider.default\">\n\t\t\t\t<div class=\"elementor-widget-container\">\n\t\t\t\t\t\t\t<div class=\"elementor-divider\">\n\t\t\t<span class=\"elementor-divider-separator\">\n\t\t\t\t\t\t<\/span>\n\t\t<\/div>\n\t\t\t\t\t\t<\/div>\n\t\t\t\t<\/div>\n\t\t\t\t<\/div>\n\t\t<div class=\"elementor-element elementor-element-57bf66ab e-con-full e-flex e-con e-child\" data-id=\"57bf66ab\" data-element_type=\"container\" data-e-type=\"container\">\n\t\t\t\t<div class=\"elementor-element elementor-element-9744a99 elementor-widget elementor-widget-image\" data-id=\"9744a99\" data-element_type=\"widget\" data-e-type=\"widget\" data-widget_type=\"image.default\">\n\t\t\t\t<div class=\"elementor-widget-container\">\n\t\t\t\t\t\t\t\t\t\t\t\t\t\t\t<img decoding=\"async\" width=\"860\" height=\"860\" src=\"https:\/\/primdental.es\/wp-content\/uploads\/2024\/02\/blanqueamiento-dental-grid.png\" class=\"attachment-large size-large wp-image-1912\" alt=\"\" srcset=\"https:\/\/primdental.es\/wp-content\/uploads\/2024\/02\/blanqueamiento-dental-grid.png 860w, https:\/\/primdental.es\/wp-content\/uploads\/2024\/02\/blanqueamiento-dental-grid-300x300.png 300w, https:\/\/primdental.es\/wp-content\/uploads\/2024\/02\/blanqueamiento-dental-grid-150x150.png 150w, https:\/\/primdental.es\/wp-content\/uploads\/2024\/02\/blanqueamiento-dental-grid-768x768.png 768w, https:\/\/primdental.es\/wp-content\/uploads\/2024\/02\/blanqueamiento-dental-grid-12x12.png 12w\" sizes=\"(max-width: 860px) 100vw, 860px\" \/>\t\t\t\t\t\t\t\t\t\t\t\t\t\t\t<\/div>\n\t\t\t\t<\/div>\n\t\t\t\t<\/div>\n\t\t\t\t\t<\/div>\n\t\t\t\t<\/div>\n\t\t\t\t<\/div>","protected":false},"excerpt":{"rendered":"<p>Est\u00e9tica DentalAprovecha nuestros \u00faltimos avances en odontolog\u00eda para conseguir la sonrisa que simpre so\u00f1aste.Est\u00e9tica DentalAprovecha nuestros \u00faltimos avances en odontolog\u00eda para conseguir la sonrisa [&hellip;]<\/p>\n","protected":false},"author":1,"featured_media":0,"parent":1765,"menu_order":0,"comment_status":"closed","ping_status":"closed","template":"","meta":{"site-sidebar-layout":"no-sidebar","site-content-layout":"page-builder","ast-site-content-layout":"full-width-container","site-content-style":"default","site-sidebar-style":"default","ast-global-header-display":"","ast-banner-title-visibility":"","ast-main-header-display":"","ast-hfb-above-header-display":"","ast-hfb-below-header-display":"","ast-hfb-mobile-header-display":"","site-post-title":"disabled","ast-breadcrumbs-content":"","ast-featured-img":"disabled","footer-sml-layout":"","ast-disable-related-posts":"","theme-transparent-header-meta":"default","adv-header-id-meta":"","stick-header-meta":"default","header-above-stick-meta":"","header-main-stick-meta":"","header-below-stick-meta":"","astra-migrate-meta-layouts":"set","ast-page-background-enabled":"default","ast-page-background-meta":{"desktop":{"background-color":"","background-image":"","background-repeat":"repeat","background-position":"center center","background-size":"auto","background-attachment":"scroll","background-type":"","background-media":"","overlay-type":"","overlay-color":"","overlay-opacity":"","overlay-gradient":""},"tablet":{"background-color":"","background-image":"","background-repeat":"repeat","background-position":"center center","background-size":"auto","background-attachment":"scroll","background-type":"","background-media":"","overlay-type":"","overlay-color":"","overlay-opacity":"","overlay-gradient":""},"mobile":{"background-color":"","background-image":"","background-repeat":"repeat","background-position":"center center","background-size":"auto","background-attachment":"scroll","background-type":"","background-media":"","overlay-type":"","overlay-color":"","overlay-opacity":"","overlay-gradient":""}},"ast-content-background-meta":{"desktop":{"background-color":"var(--ast-global-color-5)","background-image":"","background-repeat":"repeat","background-position":"center center","background-size":"auto","background-attachment":"scroll","background-type":"","background-media":"","overlay-type":"","overlay-color":"","overlay-opacity":"","overlay-gradient":""},"tablet":{"background-color":"var(--ast-global-color-5)","background-image":"","background-repeat":"repeat","background-position":"center center","background-size":"auto","background-attachment":"scroll","background-type":"","background-media":"","overlay-type":"","overlay-color":"","overlay-opacity":"","overlay-gradient":""},"mobile":{"background-color":"var(--ast-global-color-5)","background-image":"","background-repeat":"repeat","background-position":"center center","background-size":"auto","background-attachment":"scroll","background-type":"","background-media":"","overlay-type":"","overlay-color":"","overlay-opacity":"","overlay-gradient":""}},"footnotes":""},"class_list":["post-1890","page","type-page","status-publish","hentry"],"_links":{"self":[{"href":"https:\/\/primdental.es\/en\/wp-json\/wp\/v2\/pages\/1890","targetHints":{"allow":["GET"]}}],"collection":[{"href":"https:\/\/primdental.es\/en\/wp-json\/wp\/v2\/pages"}],"about":[{"href":"https:\/\/primdental.es\/en\/wp-json\/wp\/v2\/types\/page"}],"author":[{"embeddable":true,"href":"https:\/\/primdental.es\/en\/wp-json\/wp\/v2\/users\/1"}],"replies":[{"embeddable":true,"href":"https:\/\/primdental.es\/en\/wp-json\/wp\/v2\/comments?post=1890"}],"version-history":[{"count":40,"href":"https:\/\/primdental.es\/en\/wp-json\/wp\/v2\/pages\/1890\/revisions"}],"predecessor-version":[{"id":2866,"href":"https:\/\/primdental.es\/en\/wp-json\/wp\/v2\/pages\/1890\/revisions\/2866"}],"up":[{"embeddable":true,"href":"https:\/\/primdental.es\/en\/wp-json\/wp\/v2\/pages\/1765"}],"wp:attachment":[{"href":"https:\/\/primdental.es\/en\/wp-json\/wp\/v2\/media?parent=1890"}],"curies":[{"name":"wp","href":"https:\/\/api.w.org\/{rel}","templated":true}]}}