{"id":2672,"date":"2024-02-21T12:44:14","date_gmt":"2024-02-21T11:44:14","guid":{"rendered":"https:\/\/primdentalreus.es\/?page_id=2672"},"modified":"2024-05-22T15:16:09","modified_gmt":"2024-05-22T13:16:09","slug":"immediate-charge-implants","status":"publish","type":"page","link":"https:\/\/primdental.es\/en\/treatments\/immediate-charge-implants\/","title":{"rendered":"Immediate loading implants"},"content":{"rendered":"<div data-elementor-type=\"wp-page\" data-elementor-id=\"2672\" class=\"elementor elementor-2672\" data-elementor-post-type=\"page\">\n\t\t\t\t<div class=\"elementor-element elementor-element-41276be4 e-con-full e-flex e-con e-parent\" data-id=\"41276be4\" data-element_type=\"container\" data-e-type=\"container\">\n\t\t\t\t<div class=\"elementor-element elementor-element-d7f5aaf elementor--h-position-center elementor--v-position-middle elementor-arrows-position-inside elementor-pagination-position-inside elementor-widget elementor-widget-slides\" data-id=\"d7f5aaf\" data-element_type=\"widget\" data-e-type=\"widget\" data-settings=\"{&quot;navigation&quot;:&quot;both&quot;,&quot;autoplay&quot;:&quot;yes&quot;,&quot;pause_on_hover&quot;:&quot;yes&quot;,&quot;pause_on_interaction&quot;:&quot;yes&quot;,&quot;autoplay_speed&quot;:5000,&quot;infinite&quot;:&quot;yes&quot;,&quot;transition&quot;:&quot;slide&quot;,&quot;transition_speed&quot;:500}\" data-widget_type=\"slides.default\">\n\t\t\t\t<div class=\"elementor-widget-container\">\n\t\t\t\t\t\t\t\t\t<div class=\"elementor-swiper\">\n\t\t\t\t\t<div class=\"elementor-slides-wrapper elementor-main-swiper swiper\" role=\"region\" aria-roledescription=\"carousel\" aria-label=\"Diapositivas\" dir=\"ltr\" data-animation=\"fadeInUp\">\n\t\t\t\t<div class=\"swiper-wrapper elementor-slides\">\n\t\t\t\t\t\t\t\t\t\t<div class=\"elementor-repeater-item-707865e swiper-slide\" role=\"group\" aria-roledescription=\"slide\"><div class=\"swiper-slide-bg elementor-ken-burns elementor-ken-burns--in\" role=\"img\" aria-label=\"GR_20230912-60709.jpg\"><\/div><div class=\"elementor-background-overlay\"><\/div><div class=\"swiper-slide-inner\" ><div class=\"swiper-slide-contents\"><div class=\"elementor-slide-heading\">Treatment<br>de Carga Inmediata<\/div><div class=\"elementor-slide-description\">La implantolog\u00eda dental ha revolucionado la forma en que restauramos la\nfuncionalidad y est\u00e9tica bucal.<\/div><\/div><\/div><\/div>\t\t\t\t<\/div>\n\t\t\t\t\t\t\t<\/div>\n\t\t\t\t<\/div>\n\t\t\t\t\t\t\t\t<\/div>\n\t\t\t\t<\/div>\n\t\t\t\t<\/div>\n\t\t<div class=\"elementor-element elementor-element-353b14aa e-flex e-con-boxed e-con e-parent\" data-id=\"353b14aa\" data-element_type=\"container\" data-e-type=\"container\" data-settings=\"{&quot;background_background&quot;:&quot;gradient&quot;}\">\n\t\t\t\t\t<div class=\"e-con-inner\">\n\t\t<div class=\"elementor-element elementor-element-1ea16893 e-con-full e-flex e-con e-child\" data-id=\"1ea16893\" data-element_type=\"container\" data-e-type=\"container\">\n\t\t\t\t<div class=\"elementor-element elementor-element-51bfeac1 elementor-widget elementor-widget-heading\" data-id=\"51bfeac1\" data-element_type=\"widget\" data-e-type=\"widget\" data-widget_type=\"heading.default\">\n\t\t\t\t<div class=\"elementor-widget-container\">\n\t\t\t\t\t<h1 class=\"elementor-heading-title elementor-size-default\">Transformando Sonrisas al Instante: La Magia de la Carga Inmediata en Primdental<\/h1>\t\t\t\t<\/div>\n\t\t\t\t<\/div>\n\t\t\t\t<div class=\"elementor-element elementor-element-568e1cd4 elementor-widget elementor-widget-text-editor\" data-id=\"568e1cd4\" data-element_type=\"widget\" data-e-type=\"widget\" data-widget_type=\"text-editor.default\">\n\t\t\t\t<div class=\"elementor-widget-container\">\n\t\t\t\t\t\t\t\t\t<p>La implantolog\u00eda dental ha revolucionado la forma en que restauramos la<br \/>funcionalidad y est\u00e9tica bucal. En este art\u00edculo, exploraremos la t\u00e9cnica de<br \/>carga inmediata en implantolog\u00eda dental, sus beneficios para nuestros<br \/>pacientes y por qu\u00e9 es la elecci\u00f3n ideal para una rehabilitaci\u00f3n oral completa.<\/p>\t\t\t\t\t\t\t\t<\/div>\n\t\t\t\t<\/div>\n\t\t\t\t<div class=\"elementor-element elementor-element-c74cebe elementor-widget elementor-widget-text-editor\" data-id=\"c74cebe\" data-element_type=\"widget\" data-e-type=\"widget\" data-widget_type=\"text-editor.default\">\n\t\t\t\t<div class=\"elementor-widget-container\">\n\t\t\t\t\t\t\t\t\t<h5 class=\"pe-columna-1-title\">\u00bfQu\u00e9 es la Carga Inmediata en Implantolog\u00eda Dental?<\/h5><p>La carga inmediata es una t\u00e9cnica avanzada en implantolog\u00eda dental que nos<br \/>permite colocar dientes prot\u00e9sicos fijos en los implantes dentales justo despu\u00e9s de su inserci\u00f3n. A diferencia de los m\u00e9todos tradicionales que requer\u00edan per\u00edodos de cicatrizaci\u00f3n prolongados antes de la colocaci\u00f3n de las pr\u00f3tesis, la carga inmediata acelera el proceso, ofreciendo a nuestros pacientes una restauraci\u00f3n r\u00e1pida y efectiva.<\/p>\t\t\t\t\t\t\t\t<\/div>\n\t\t\t\t<\/div>\n\t\t\t\t<div class=\"elementor-element elementor-element-32e38739 elementor-widget__width-inherit elementor-widget-divider--view-line elementor-widget elementor-widget-divider\" data-id=\"32e38739\" data-element_type=\"widget\" data-e-type=\"widget\" data-widget_type=\"divider.default\">\n\t\t\t\t<div class=\"elementor-widget-container\">\n\t\t\t\t\t\t\t<div class=\"elementor-divider\">\n\t\t\t<span class=\"elementor-divider-separator\">\n\t\t\t\t\t\t<\/span>\n\t\t<\/div>\n\t\t\t\t\t\t<\/div>\n\t\t\t\t<\/div>\n\t\t\t\t<\/div>\n\t\t<div class=\"elementor-element elementor-element-78f796f6 e-con-full e-flex e-con e-child\" data-id=\"78f796f6\" data-element_type=\"container\" data-e-type=\"container\">\n\t\t\t\t<div class=\"elementor-element elementor-element-7e122af0 elementor-widget elementor-widget-video\" data-id=\"7e122af0\" data-element_type=\"widget\" data-e-type=\"widget\" data-settings=\"{&quot;video_type&quot;:&quot;hosted&quot;,&quot;show_image_overlay&quot;:&quot;yes&quot;,&quot;image_overlay&quot;:{&quot;url&quot;:&quot;https:\\\/\\\/primdental.es\\\/wp-content\\\/uploads\\\/2024\\\/02\\\/Video-Carga-Imediata.mp4.jpg&quot;,&quot;id&quot;:2701,&quot;size&quot;:&quot;&quot;,&quot;alt&quot;:&quot;&quot;,&quot;source&quot;:&quot;library&quot;},&quot;controls&quot;:&quot;yes&quot;}\" data-widget_type=\"video.default\">\n\t\t\t\t<div class=\"elementor-widget-container\">\n\t\t\t\t\t\t\t<div class=\"e-hosted-video elementor-wrapper elementor-open-inline\">\n\t\t\t\t\t<video class=\"elementor-video\" src=\"https:\/\/primdental.es\/wp-content\/uploads\/2024\/02\/Carga-inmediata.mp4\" controls=\"\" preload=\"metadata\" controlslist=\"nodownload\"><\/video>\n\t\t\t\t\t\t<div class=\"elementor-custom-embed-image-overlay\" style=\"background-image: url(https:\/\/primdental.es\/wp-content\/uploads\/2024\/02\/Video-Carga-Imediata.mp4.jpg);\">\n\t\t\t\t\t\t\t\t\t\t\t\t\t\t\t\t<div class=\"elementor-custom-embed-play\" role=\"button\" aria-label=\"Reproducir v\u00eddeo\" tabindex=\"0\">\n\t\t\t\t\t\t\t<svg aria-hidden=\"true\" class=\"e-font-icon-svg e-eicon-play\" viewbox=\"0 0 1000 1000\" xmlns=\"http:\/\/www.w3.org\/2000\/svg\"><path d=\"M838 162C746 71 633 25 500 25 371 25 258 71 163 162 71 254 25 367 25 500 25 633 71 746 163 837 254 929 367 979 500 979 633 979 746 933 838 837 929 746 975 633 975 500 975 367 929 254 838 162M808 192C892 279 933 379 933 500 933 621 892 725 808 808 725 892 621 938 500 938 379 938 279 896 196 808 113 725 67 621 67 500 67 379 108 279 196 192 279 108 383 62 500 62 621 62 721 108 808 192M438 392V642L642 517 438 392Z\"><\/path><\/svg>\t\t\t\t\t\t<\/div>\n\t\t\t\t\t\t\t\t\t<\/div>\n\t\t\t\t\t<\/div>\n\t\t\t\t\t\t<\/div>\n\t\t\t\t<\/div>\n\t\t\t\t<\/div>\n\t\t\t\t\t<\/div>\n\t\t\t\t<\/div>\n\t\t<div class=\"elementor-element elementor-element-7eb170f6 e-flex e-con-boxed e-con e-parent\" data-id=\"7eb170f6\" data-element_type=\"container\" data-e-type=\"container\" data-settings=\"{&quot;background_background&quot;:&quot;classic&quot;}\">\n\t\t\t\t\t<div class=\"e-con-inner\">\n\t\t<div class=\"elementor-element elementor-element-4d73c00 e-con-full e-flex e-con e-child\" data-id=\"4d73c00\" data-element_type=\"container\" data-e-type=\"container\">\n\t\t\t\t<div class=\"elementor-element elementor-element-6626dd6c elementor-widget elementor-widget-heading\" data-id=\"6626dd6c\" data-element_type=\"widget\" data-e-type=\"widget\" data-widget_type=\"heading.default\">\n\t\t\t\t<div class=\"elementor-widget-container\">\n\t\t\t\t\t<h2 class=\"elementor-heading-title elementor-size-default\">Beneficios para Nuestros Pacientes:<\/h2>\t\t\t\t<\/div>\n\t\t\t\t<\/div>\n\t\t\t\t<div class=\"elementor-element elementor-element-44191e3b elementor-widget elementor-widget-text-editor\" data-id=\"44191e3b\" data-element_type=\"widget\" data-e-type=\"widget\" data-widget_type=\"text-editor.default\">\n\t\t\t\t<div class=\"elementor-widget-container\">\n\t\t\t\t\t\t\t\t\t<p><strong>1. Rapidez y Conveniencia:<\/strong> La principal ventaja de la carga inmediata es la rapidez con la que nuestros pacientes pueden recuperar su sonrisa. La colocaci\u00f3n de dientes prot\u00e9sicos de manera inmediata reduce el tiempo de espera, permitiendo a nuestros pacientes disfrutar de una funci\u00f3n oral restaurada en un tiempo r\u00e9cord.<\/p><p><br \/><strong>2. Mejora de la Est\u00e9tica:<\/strong> La carga inmediata proporciona resultados est\u00e9ticos superiores. Al evitar el per\u00edodo de espera tradicional, se minimiza la p\u00e9rdida \u00f3sea y gingival, contribuyendo a una apariencia natural y armoniosa de las enc\u00edas y los dientes.<\/p><p><br \/><strong>3. Confort y Seguridad:<\/strong> La adaptaci\u00f3n temprana de las pr\u00f3tesis facilita la adaptaci\u00f3n de nuestros pacientes a sus nuevos implantes. La carga inmediata tambi\u00e9n contribuye a una mayor estabilidad del implante, brindando una<br \/>sensaci\u00f3n de seguridad y comodidad desde el principio.<\/p><p><br \/><strong>4. Menos Incomodidades Postoperatorias:<\/strong> La t\u00e9cnica de carga inmediata reduce las molestias postoperatorias en comparaci\u00f3n con los enfoques convencionales. Nuestros pacientes experimentan menos hinchaz\u00f3n y molestias, mejorando significativamente su experiencia durante la rehabilitaci\u00f3n oral.<\/p>\t\t\t\t\t\t\t\t<\/div>\n\t\t\t\t<\/div>\n\t\t\t\t<div class=\"elementor-element elementor-element-5ff34ea6 elementor-widget__width-inherit elementor-widget-divider--view-line elementor-widget elementor-widget-divider\" data-id=\"5ff34ea6\" data-element_type=\"widget\" data-e-type=\"widget\" data-widget_type=\"divider.default\">\n\t\t\t\t<div class=\"elementor-widget-container\">\n\t\t\t\t\t\t\t<div class=\"elementor-divider\">\n\t\t\t<span class=\"elementor-divider-separator\">\n\t\t\t\t\t\t<\/span>\n\t\t<\/div>\n\t\t\t\t\t\t<\/div>\n\t\t\t\t<\/div>\n\t\t\t\t<\/div>\n\t\t<div class=\"elementor-element elementor-element-5cb08a02 e-con-full e-flex e-con e-child\" data-id=\"5cb08a02\" data-element_type=\"container\" data-e-type=\"container\">\n\t\t\t\t<div class=\"elementor-element elementor-element-e0a7dca elementor-widget elementor-widget-text-editor\" data-id=\"e0a7dca\" data-element_type=\"widget\" data-e-type=\"widget\" data-widget_type=\"text-editor.default\">\n\t\t\t\t<div class=\"elementor-widget-container\">\n\t\t\t\t\t\t\t\t\t<p>Rehabilitaci\u00f3n Oral Completa con Carga Inmediata:<\/p>\t\t\t\t\t\t\t\t<\/div>\n\t\t\t\t<\/div>\n\t\t\t\t<div class=\"elementor-element elementor-element-aecf43c elementor-widget elementor-widget-text-editor\" data-id=\"aecf43c\" data-element_type=\"widget\" data-e-type=\"widget\" data-widget_type=\"text-editor.default\">\n\t\t\t\t<div class=\"elementor-widget-container\">\n\t\t\t\t\t\t\t\t\t<p>La carga inmediata no solo beneficia a aquellos que necesitan la sustituci\u00f3n de un solo diente, sino que tambi\u00e9n es una opci\u00f3n excepcional para la rehabilitaci\u00f3n oral completa que ofrecemos en nuestra pr\u00e1ctica. Aqu\u00ed hay algunas razones por las cuales:<\/p><p><br \/><strong>1. Restauraci\u00f3n R\u00e1pida de Arcadas Completa:<\/strong> La carga inmediata nos permite restaurar arcadas completas en un solo procedimiento. Esto es especialmente valioso para pacientes que han perdido varios dientes o que necesitan una<br \/>soluci\u00f3n integral para restaurar la funcionalidad y est\u00e9tica de toda su boca.<\/p><p><strong>2. Mejora de la Calidad de Vida:<\/strong> La rehabilitaci\u00f3n oral completa mediante carga inmediata proporciona a nuestros pacientes una mejora significativa en su<br \/>calidad de vida al restaurar la capacidad de hablar, masticar y sonre\u00edr con confianza en un corto per\u00edodo.<\/p><p><br \/><strong>3. Menos Inconveniente y Menos Visitas al Dentista:<\/strong> Al consolidar el proceso de rehabilitaci\u00f3n en un solo procedimiento, nuestros pacientes experimentan menos interrupciones en su rutina diaria y requieren menos visitas a nuestra<br \/>pr\u00e1ctica para completar el tratamiento.<\/p>\t\t\t\t\t\t\t\t<\/div>\n\t\t\t\t<\/div>\n\t\t\t\t<div class=\"elementor-element elementor-element-d9c96be elementor-widget elementor-widget-text-editor\" data-id=\"d9c96be\" data-element_type=\"widget\" data-e-type=\"widget\" data-widget_type=\"text-editor.default\">\n\t\t\t\t<div class=\"elementor-widget-container\">\n\t\t\t\t\t\t\t\t\t<p><strong>En conclusi\u00f3n<\/strong>, la t\u00e9cnica de carga inmediata en implantolog\u00eda dental<br \/>representa una revoluci\u00f3n en la forma en que restauramos las sonrisas de nuestros pacientes. Sus beneficios en t\u00e9rminos de rapidez, est\u00e9tica, comodidad y versatilidad hacen que sea la elecci\u00f3n preferida, especialmente para la rehabilitaci\u00f3n oral completa que ofrecemos en Primdental. La carga inmediata<br \/>no solo transforma sonrisas al instante, sino que tambi\u00e9n mejora la calidad de vida de nuestros pacientes, brind\u00e1ndoles una soluci\u00f3n integral y eficiente para<br \/>recuperar la funci\u00f3n y la confianza en su salud bucal.<\/p>\t\t\t\t\t\t\t\t<\/div>\n\t\t\t\t<\/div>\n\t\t\t\t<\/div>\n\t\t\t\t\t<\/div>\n\t\t\t\t<\/div>\n\t\t<div class=\"elementor-element elementor-element-19d4e2b e-flex e-con-boxed e-con e-parent\" data-id=\"19d4e2b\" data-element_type=\"container\" data-e-type=\"container\" data-settings=\"{&quot;background_background&quot;:&quot;gradient&quot;}\">\n\t\t\t\t\t<div class=\"e-con-inner\">\n\t\t\t\t<div class=\"elementor-element elementor-element-5d52b294 elementor-widget elementor-widget-heading\" data-id=\"5d52b294\" data-element_type=\"widget\" data-e-type=\"widget\" data-widget_type=\"heading.default\">\n\t\t\t\t<div class=\"elementor-widget-container\">\n\t\t\t\t\t<h2 class=\"elementor-heading-title elementor-size-default\">Testimonials<\/h2>\t\t\t\t<\/div>\n\t\t\t\t<\/div>\n\t\t\t\t<div class=\"elementor-element elementor-element-fd4aa06 elementor-widget elementor-widget-video\" data-id=\"fd4aa06\" data-element_type=\"widget\" data-e-type=\"widget\" data-settings=\"{&quot;video_type&quot;:&quot;hosted&quot;,&quot;show_image_overlay&quot;:&quot;yes&quot;,&quot;image_overlay&quot;:{&quot;url&quot;:&quot;https:\\\/\\\/primdental.es\\\/wp-content\\\/uploads\\\/2024\\\/02\\\/Test-3.mp4-1.jpg&quot;,&quot;id&quot;:2713,&quot;size&quot;:&quot;&quot;,&quot;alt&quot;:&quot;&quot;,&quot;source&quot;:&quot;library&quot;},&quot;controls&quot;:&quot;yes&quot;}\" data-widget_type=\"video.default\">\n\t\t\t\t<div class=\"elementor-widget-container\">\n\t\t\t\t\t\t\t<div class=\"e-hosted-video elementor-wrapper elementor-open-inline\">\n\t\t\t\t\t<video class=\"elementor-video\" src=\"https:\/\/primdental.es\/wp-content\/uploads\/2024\/02\/Tetimonio-3.mp4\" controls=\"\" preload=\"metadata\" controlslist=\"nodownload\"><\/video>\n\t\t\t\t\t\t<div class=\"elementor-custom-embed-image-overlay\" style=\"background-image: url(https:\/\/primdental.es\/wp-content\/uploads\/2024\/02\/Test-3.mp4-1.jpg);\">\n\t\t\t\t\t\t\t\t\t\t\t\t\t\t\t\t<div class=\"elementor-custom-embed-play\" role=\"button\" aria-label=\"Reproducir v\u00eddeo\" tabindex=\"0\">\n\t\t\t\t\t\t\t<svg aria-hidden=\"true\" class=\"e-font-icon-svg e-eicon-play\" viewbox=\"0 0 1000 1000\" xmlns=\"http:\/\/www.w3.org\/2000\/svg\"><path d=\"M838 162C746 71 633 25 500 25 371 25 258 71 163 162 71 254 25 367 25 500 25 633 71 746 163 837 254 929 367 979 500 979 633 979 746 933 838 837 929 746 975 633 975 500 975 367 929 254 838 162M808 192C892 279 933 379 933 500 933 621 892 725 808 808 725 892 621 938 500 938 379 938 279 896 196 808 113 725 67 621 67 500 67 379 108 279 196 192 279 108 383 62 500 62 621 62 721 108 808 192M438 392V642L642 517 438 392Z\"><\/path><\/svg>\t\t\t\t\t\t<\/div>\n\t\t\t\t\t\t\t\t\t<\/div>\n\t\t\t\t\t<\/div>\n\t\t\t\t\t\t<\/div>\n\t\t\t\t<\/div>\n\t\t\t\t\t<\/div>\n\t\t\t\t<\/div>\n\t\t\t\t<\/div>","protected":false},"excerpt":{"rendered":"<p>Tratamientode Carga InmediataLa implantolog\u00eda dental ha revolucionado la forma en que restauramos la funcionalidad y est\u00e9tica bucal. Transformando Sonrisas al Instante: La Magia de [&hellip;]<\/p>\n","protected":false},"author":1,"featured_media":0,"parent":1765,"menu_order":0,"comment_status":"closed","ping_status":"closed","template":"","meta":{"site-sidebar-layout":"no-sidebar","site-content-layout":"page-builder","ast-site-content-layout":"full-width-container","site-content-style":"default","site-sidebar-style":"default","ast-global-header-display":"","ast-banner-title-visibility":"","ast-main-header-display":"","ast-hfb-above-header-display":"","ast-hfb-below-header-display":"","ast-hfb-mobile-header-display":"","site-post-title":"disabled","ast-breadcrumbs-content":"","ast-featured-img":"disabled","footer-sml-layout":"","ast-disable-related-posts":"","theme-transparent-header-meta":"default","adv-header-id-meta":"","stick-header-meta":"default","header-above-stick-meta":"","header-main-stick-meta":"","header-below-stick-meta":"","astra-migrate-meta-layouts":"set","ast-page-background-enabled":"default","ast-page-background-meta":{"desktop":{"background-color":"","background-image":"","background-repeat":"repeat","background-position":"center center","background-size":"auto","background-attachment":"scroll","background-type":"","background-media":"","overlay-type":"","overlay-color":"","overlay-opacity":"","overlay-gradient":""},"tablet":{"background-color":"","background-image":"","background-repeat":"repeat","background-position":"center center","background-size":"auto","background-attachment":"scroll","background-type":"","background-media":"","overlay-type":"","overlay-color":"","overlay-opacity":"","overlay-gradient":""},"mobile":{"background-color":"","background-image":"","background-repeat":"repeat","background-position":"center center","background-size":"auto","background-attachment":"scroll","background-type":"","background-media":"","overlay-type":"","overlay-color":"","overlay-opacity":"","overlay-gradient":""}},"ast-content-background-meta":{"desktop":{"background-color":"var(--ast-global-color-5)","background-image":"","background-repeat":"repeat","background-position":"center center","background-size":"auto","background-attachment":"scroll","background-type":"","background-media":"","overlay-type":"","overlay-color":"","overlay-opacity":"","overlay-gradient":""},"tablet":{"background-color":"var(--ast-global-color-5)","background-image":"","background-repeat":"repeat","background-position":"center center","background-size":"auto","background-attachment":"scroll","background-type":"","background-media":"","overlay-type":"","overlay-color":"","overlay-opacity":"","overlay-gradient":""},"mobile":{"background-color":"var(--ast-global-color-5)","background-image":"","background-repeat":"repeat","background-position":"center center","background-size":"auto","background-attachment":"scroll","background-type":"","background-media":"","overlay-type":"","overlay-color":"","overlay-opacity":"","overlay-gradient":""}},"footnotes":""},"class_list":["post-2672","page","type-page","status-publish","hentry"],"_links":{"self":[{"href":"https:\/\/primdental.es\/en\/wp-json\/wp\/v2\/pages\/2672","targetHints":{"allow":["GET"]}}],"collection":[{"href":"https:\/\/primdental.es\/en\/wp-json\/wp\/v2\/pages"}],"about":[{"href":"https:\/\/primdental.es\/en\/wp-json\/wp\/v2\/types\/page"}],"author":[{"embeddable":true,"href":"https:\/\/primdental.es\/en\/wp-json\/wp\/v2\/users\/1"}],"replies":[{"embeddable":true,"href":"https:\/\/primdental.es\/en\/wp-json\/wp\/v2\/comments?post=2672"}],"version-history":[{"count":61,"href":"https:\/\/primdental.es\/en\/wp-json\/wp\/v2\/pages\/2672\/revisions"}],"predecessor-version":[{"id":2904,"href":"https:\/\/primdental.es\/en\/wp-json\/wp\/v2\/pages\/2672\/revisions\/2904"}],"up":[{"embeddable":true,"href":"https:\/\/primdental.es\/en\/wp-json\/wp\/v2\/pages\/1765"}],"wp:attachment":[{"href":"https:\/\/primdental.es\/en\/wp-json\/wp\/v2\/media?parent=2672"}],"curies":[{"name":"wp","href":"https:\/\/api.w.org\/{rel}","templated":true}]}}